{"id":493,"date":"2020-03-02T12:28:53","date_gmt":"2020-03-02T12:28:53","guid":{"rendered":"https:\/\/www.itzinya.org\/itzinya\/tjanster\/"},"modified":"2020-05-11T04:02:54","modified_gmt":"2020-05-11T04:02:54","slug":"tjanster","status":"publish","type":"page","link":"https:\/\/www.itzinya.com\/swe\/tjanster\/","title":{"rendered":"TJ\u00c4NSTER"},"content":{"rendered":"\n<blockquote class=\"wp-block-quote is-layout-flow wp-block-quote-is-layout-flow\"><p>Fr\u00e5n id\u00e9 till inverkan! <br>Av entrepren\u00f6rer f\u00f6r entrepren\u00f6rer! <\/p><\/blockquote>\n\n\n\n<p> Itzinyas vision \u00e4r att skapa v\u00e4rde f\u00f6r individer och samh\u00e4lle genom att resa upp nya entrepren\u00f6rer, frig\u00f6ra deras talanger och f\u00e5 dem att skapa h\u00e5llbara l\u00f6sningar till problem och behov v\u00e4rda att g\u00e5 efter, s\u00e5 de kan utveckla och v\u00e4xa sina f\u00f6retag och skapa arbete. Vi g\u00f6r detta genom v\u00e5r icke vinstdrivande organisation Itzinya Networks.&nbsp;<a rel=\"noreferrer noopener\" aria-label=\" (opens in a new tab)\" href=\"https:\/\/www.itzinya.org\/\" target=\"_blank\">L\u00e4s mer\u2026<\/a> <\/p>\n\n\n\n<div class=\"wp-block-image\"><figure class=\"aligncenter size-large\"><img decoding=\"async\" width=\"820\" height=\"260\" src=\"https:\/\/www.itzinya.com\/wp-content\/uploads\/sites\/13\/2020\/05\/service-startup.jpg\" alt=\"service-startup\" class=\"wp-image-837\" srcset=\"https:\/\/www.itzinya.com\/wp-content\/uploads\/sites\/13\/2020\/05\/service-startup.jpg 820w, https:\/\/www.itzinya.com\/wp-content\/uploads\/sites\/13\/2020\/05\/service-startup-300x95.jpg 300w, https:\/\/www.itzinya.com\/wp-content\/uploads\/sites\/13\/2020\/05\/service-startup-768x244.jpg 768w\" sizes=\"(max-width: 820px) 100vw, 820px\" \/><\/figure><\/div>\n\n\n\n<p> F\u00f6r att g\u00f6ra detta har vi valt ut v\u00e4l testade verktyg och processer fr\u00e5n starup v\u00e4rlden, formatterat dem i en serie praktiska workshops, skalat ner dem till gymnasieniv\u00e5, f\u00f6rpackat dem i ett skalbart concept och anf\u00f6rtrott dem till v\u00e4ltr\u00e4nade lokala partners i utvecklingsl\u00e4nder. V\u00e5rt m\u00e5l \u00e4r att n\u00e5 st\u00f6rre st\u00e4der p\u00e5 alla <a href=\"https:\/\/www.itzinya.org\/countries\/\">kontinenter <\/a>och vi har kommit en liten bit p\u00e5v\u00e4g. <\/p>\n\n\n\n<div class=\"wp-block-image\"><figure class=\"aligncenter size-large\"><img decoding=\"async\" width=\"820\" height=\"260\" src=\"https:\/\/www.itzinya.com\/wp-content\/uploads\/sites\/13\/2020\/05\/service-grow.jpg\" alt=\"service-grow\" class=\"wp-image-839\" srcset=\"https:\/\/www.itzinya.com\/wp-content\/uploads\/sites\/13\/2020\/05\/service-grow.jpg 820w, https:\/\/www.itzinya.com\/wp-content\/uploads\/sites\/13\/2020\/05\/service-grow-300x95.jpg 300w, https:\/\/www.itzinya.com\/wp-content\/uploads\/sites\/13\/2020\/05\/service-grow-768x244.jpg 768w\" sizes=\"(max-width: 820px) 100vw, 820px\" \/><\/figure><\/div>\n\n\n\n<p> F\u00f6r tillv\u00e4xt har Itzinya blivit Certifierad Partner med&nbsp;<a href=\"https:\/\/www.growthwheel.com\/sweden\" target=\"_blank\" rel=\"noreferrer noopener\" aria-label=\" (opens in a new tab)\">GrowthWheel<\/a>&nbsp;f\u00f6r att tillhandah\u00e5lla toppmoderna men \u00e4nd\u00e5 superenkla, verktyg f\u00f6r strategisk planering och \u00e5tg\u00e4rd som g\u00f6r tillv\u00e4xtresan visuell och p\u00e5taglig. Detta handlar inte om hypotetiska aff\u00e4rsplaner eller komplicerade akademiska processer. Det handlar om en enkel, jordn\u00e4ra, snabb och effektiv process skapad av entrepren\u00f6rer f\u00f6r entrepren\u00f6rer. <\/p>\n\n\n\n<div class=\"wp-block-image\"><figure class=\"aligncenter size-large\"><img decoding=\"async\" width=\"820\" height=\"260\" src=\"https:\/\/www.itzinya.com\/wp-content\/uploads\/sites\/13\/2020\/02\/service-lead.jpg\" alt=\"service-lead\" class=\"wp-image-497\" srcset=\"https:\/\/www.itzinya.com\/wp-content\/uploads\/sites\/13\/2020\/02\/service-lead.jpg 820w, https:\/\/www.itzinya.com\/wp-content\/uploads\/sites\/13\/2020\/02\/service-lead-300x95.jpg 300w, https:\/\/www.itzinya.com\/wp-content\/uploads\/sites\/13\/2020\/02\/service-lead-768x244.jpg 768w\" sizes=\"(max-width: 820px) 100vw, 820px\" \/><\/figure><\/div>\n\n\n\n<p> N\u00e4r allt kommer omkring menar vi att entrepren\u00f6rer \u00e4r ledare. Vi vill hj\u00e4lpa dem v\u00e4xa i det ledarskapet p\u00e5 ett h\u00e5llbart s\u00e4tt genom ett sorts ledarskap som frig\u00f6r talangen hos de anst\u00e4llda. V\u00e4rlden beh\u00f6ver fler ledare som har en moralisk inre kompass och f\u00f6rst\u00e5r att ledarskapet inte handlar om dem sj\u00e4lva utan om att skapa v\u00e4rde f\u00f6r andra. F\u00f6retagsmilj\u00f6n \u00e4r effektiv f\u00f6r ledartillv\u00e4xt och m\u00e4tbara resultat \u00e4r p\u00e5tagliga. <\/p>\n","protected":false},"excerpt":{"rendered":"<p>Fr\u00e5n id\u00e9 till inverkan! Av entrepren\u00f6rer f\u00f6r entrepren\u00f6rer! Itzinyas vision \u00e4r att skapa v\u00e4rde f\u00f6r individer och samh\u00e4lle genom att resa upp nya entrepren\u00f6rer, frig\u00f6ra deras talanger och f\u00e5 dem att skapa h\u00e5llbara l\u00f6sningar till problem och behov v\u00e4rda att g\u00e5 efter, s\u00e5 de kan utveckla och v\u00e4xa sina f\u00f6retag och skapa arbete. Vi g\u00f6r [&#8230;]<\/p>\n<p><a class=\"btn btn-secondary seadev-read-more-link\" href=\"https:\/\/www.itzinya.com\/swe\/tjanster\/\">Read More&#8230;<\/a><\/p>\n","protected":false},"author":1,"featured_media":659,"parent":0,"menu_order":0,"comment_status":"closed","ping_status":"closed","template":"","meta":{"_acf_changed":false,"inline_featured_image":false,"footnotes":""},"class_list":["post-493","page","type-page","status-publish","has-post-thumbnail","hentry"],"acf":[],"yoast_head":"<!-- This site is optimized with the Yoast SEO plugin v25.9 - https:\/\/yoast.com\/wordpress\/plugins\/seo\/ -->\n<title>TJ\u00c4NSTER - Itzinya.com<\/title>\n<meta name=\"robots\" content=\"index, follow, max-snippet:-1, max-image-preview:large, max-video-preview:-1\" \/>\n<link rel=\"canonical\" href=\"https:\/\/www.itzinya.com\/swe\/tjanster\/\" \/>\n<meta property=\"og:locale\" content=\"en_US\" \/>\n<meta property=\"og:type\" content=\"article\" \/>\n<meta property=\"og:title\" content=\"TJ\u00c4NSTER - Itzinya.com\" \/>\n<meta property=\"og:description\" content=\"Fr\u00e5n id\u00e9 till inverkan! Av entrepren\u00f6rer f\u00f6r entrepren\u00f6rer! Itzinyas vision \u00e4r att skapa v\u00e4rde f\u00f6r individer och samh\u00e4lle genom att resa upp nya entrepren\u00f6rer, frig\u00f6ra deras talanger och f\u00e5 dem att skapa h\u00e5llbara l\u00f6sningar till problem och behov v\u00e4rda att g\u00e5 efter, s\u00e5 de kan utveckla och v\u00e4xa sina f\u00f6retag och skapa arbete. Vi g\u00f6r [...]Read More...\" \/>\n<meta property=\"og:url\" content=\"https:\/\/www.itzinya.com\/swe\/tjanster\/\" \/>\n<meta property=\"og:site_name\" content=\"Itzinya.com\" \/>\n<meta property=\"article:modified_time\" content=\"2020-05-11T04:02:54+00:00\" \/>\n<meta property=\"og:image\" content=\"https:\/\/www.itzinya.com\/wp-content\/uploads\/sites\/13\/2020\/04\/iStock-514003884-1.jpg\" \/>\n\t<meta property=\"og:image:width\" content=\"1671\" \/>\n\t<meta property=\"og:image:height\" content=\"1080\" \/>\n\t<meta property=\"og:image:type\" content=\"image\/jpeg\" \/>\n<meta name=\"twitter:card\" content=\"summary_large_image\" \/>\n<meta name=\"twitter:label1\" content=\"Est. reading time\" \/>\n\t<meta name=\"twitter:data1\" content=\"2 minutes\" \/>\n<script type=\"application\/ld+json\" class=\"yoast-schema-graph\">{\"@context\":\"https:\/\/schema.org\",\"@graph\":[{\"@type\":\"WebPage\",\"@id\":\"https:\/\/www.itzinya.com\/swe\/tjanster\/\",\"url\":\"https:\/\/www.itzinya.com\/swe\/tjanster\/\",\"name\":\"TJ\u00c4NSTER - Itzinya.com\",\"isPartOf\":{\"@id\":\"https:\/\/www.itzinya.com\/#website\"},\"primaryImageOfPage\":{\"@id\":\"https:\/\/www.itzinya.com\/swe\/tjanster\/#primaryimage\"},\"image\":{\"@id\":\"https:\/\/www.itzinya.com\/swe\/tjanster\/#primaryimage\"},\"thumbnailUrl\":\"https:\/\/www.itzinya.com\/wp-content\/uploads\/sites\/13\/2020\/04\/iStock-514003884-1.jpg\",\"datePublished\":\"2020-03-02T12:28:53+00:00\",\"dateModified\":\"2020-05-11T04:02:54+00:00\",\"breadcrumb\":{\"@id\":\"https:\/\/www.itzinya.com\/swe\/tjanster\/#breadcrumb\"},\"inLanguage\":\"swe-SE\",\"potentialAction\":[{\"@type\":\"ReadAction\",\"target\":[\"https:\/\/www.itzinya.com\/swe\/tjanster\/\"]}]},{\"@type\":\"ImageObject\",\"inLanguage\":\"swe-SE\",\"@id\":\"https:\/\/www.itzinya.com\/swe\/tjanster\/#primaryimage\",\"url\":\"https:\/\/www.itzinya.com\/wp-content\/uploads\/sites\/13\/2020\/04\/iStock-514003884-1.jpg\",\"contentUrl\":\"https:\/\/www.itzinya.com\/wp-content\/uploads\/sites\/13\/2020\/04\/iStock-514003884-1.jpg\",\"width\":1671,\"height\":1080},{\"@type\":\"BreadcrumbList\",\"@id\":\"https:\/\/www.itzinya.com\/swe\/tjanster\/#breadcrumb\",\"itemListElement\":[{\"@type\":\"ListItem\",\"position\":1,\"name\":\"Home\",\"item\":\"https:\/\/www.itzinya.com\/swe\/\"},{\"@type\":\"ListItem\",\"position\":2,\"name\":\"TJ\u00c4NSTER\"}]},{\"@type\":\"WebSite\",\"@id\":\"https:\/\/www.itzinya.com\/#website\",\"url\":\"https:\/\/www.itzinya.com\/\",\"name\":\"Itzinya.com\",\"description\":\"StartUp Entrepreneurs\",\"publisher\":{\"@id\":\"https:\/\/www.itzinya.com\/#organization\"},\"potentialAction\":[{\"@type\":\"SearchAction\",\"target\":{\"@type\":\"EntryPoint\",\"urlTemplate\":\"https:\/\/www.itzinya.com\/?s={search_term_string}\"},\"query-input\":{\"@type\":\"PropertyValueSpecification\",\"valueRequired\":true,\"valueName\":\"search_term_string\"}}],\"inLanguage\":\"swe-SE\"},{\"@type\":\"Organization\",\"@id\":\"https:\/\/www.itzinya.com\/#organization\",\"name\":\"Itzinya.com\",\"url\":\"https:\/\/www.itzinya.com\/\",\"logo\":{\"@type\":\"ImageObject\",\"inLanguage\":\"swe-SE\",\"@id\":\"https:\/\/www.itzinya.com\/#\/schema\/logo\/image\/\",\"url\":\"https:\/\/www.itzinya.com\/wp-content\/uploads\/sites\/13\/2020\/05\/itzinya-logo-responsive-1.svg\",\"contentUrl\":\"https:\/\/www.itzinya.com\/wp-content\/uploads\/sites\/13\/2020\/05\/itzinya-logo-responsive-1.svg\",\"width\":313,\"height\":443,\"caption\":\"Itzinya.com\"},\"image\":{\"@id\":\"https:\/\/www.itzinya.com\/#\/schema\/logo\/image\/\"}}]}<\/script>\n<!-- \/ Yoast SEO plugin. -->","yoast_head_json":{"title":"TJ\u00c4NSTER - Itzinya.com","robots":{"index":"index","follow":"follow","max-snippet":"max-snippet:-1","max-image-preview":"max-image-preview:large","max-video-preview":"max-video-preview:-1"},"canonical":"https:\/\/www.itzinya.com\/swe\/tjanster\/","og_locale":"en_US","og_type":"article","og_title":"TJ\u00c4NSTER - Itzinya.com","og_description":"Fr\u00e5n id\u00e9 till inverkan! Av entrepren\u00f6rer f\u00f6r entrepren\u00f6rer! Itzinyas vision \u00e4r att skapa v\u00e4rde f\u00f6r individer och samh\u00e4lle genom att resa upp nya entrepren\u00f6rer, frig\u00f6ra deras talanger och f\u00e5 dem att skapa h\u00e5llbara l\u00f6sningar till problem och behov v\u00e4rda att g\u00e5 efter, s\u00e5 de kan utveckla och v\u00e4xa sina f\u00f6retag och skapa arbete. Vi g\u00f6r [...]Read More...","og_url":"https:\/\/www.itzinya.com\/swe\/tjanster\/","og_site_name":"Itzinya.com","article_modified_time":"2020-05-11T04:02:54+00:00","og_image":[{"width":1671,"height":1080,"url":"https:\/\/www.itzinya.com\/wp-content\/uploads\/sites\/13\/2020\/04\/iStock-514003884-1.jpg","type":"image\/jpeg"}],"twitter_card":"summary_large_image","twitter_misc":{"Est. reading time":"2 minutes"},"schema":{"@context":"https:\/\/schema.org","@graph":[{"@type":"WebPage","@id":"https:\/\/www.itzinya.com\/swe\/tjanster\/","url":"https:\/\/www.itzinya.com\/swe\/tjanster\/","name":"TJ\u00c4NSTER - Itzinya.com","isPartOf":{"@id":"https:\/\/www.itzinya.com\/#website"},"primaryImageOfPage":{"@id":"https:\/\/www.itzinya.com\/swe\/tjanster\/#primaryimage"},"image":{"@id":"https:\/\/www.itzinya.com\/swe\/tjanster\/#primaryimage"},"thumbnailUrl":"https:\/\/www.itzinya.com\/wp-content\/uploads\/sites\/13\/2020\/04\/iStock-514003884-1.jpg","datePublished":"2020-03-02T12:28:53+00:00","dateModified":"2020-05-11T04:02:54+00:00","breadcrumb":{"@id":"https:\/\/www.itzinya.com\/swe\/tjanster\/#breadcrumb"},"inLanguage":"swe-SE","potentialAction":[{"@type":"ReadAction","target":["https:\/\/www.itzinya.com\/swe\/tjanster\/"]}]},{"@type":"ImageObject","inLanguage":"swe-SE","@id":"https:\/\/www.itzinya.com\/swe\/tjanster\/#primaryimage","url":"https:\/\/www.itzinya.com\/wp-content\/uploads\/sites\/13\/2020\/04\/iStock-514003884-1.jpg","contentUrl":"https:\/\/www.itzinya.com\/wp-content\/uploads\/sites\/13\/2020\/04\/iStock-514003884-1.jpg","width":1671,"height":1080},{"@type":"BreadcrumbList","@id":"https:\/\/www.itzinya.com\/swe\/tjanster\/#breadcrumb","itemListElement":[{"@type":"ListItem","position":1,"name":"Home","item":"https:\/\/www.itzinya.com\/swe\/"},{"@type":"ListItem","position":2,"name":"TJ\u00c4NSTER"}]},{"@type":"WebSite","@id":"https:\/\/www.itzinya.com\/#website","url":"https:\/\/www.itzinya.com\/","name":"Itzinya.com","description":"StartUp Entrepreneurs","publisher":{"@id":"https:\/\/www.itzinya.com\/#organization"},"potentialAction":[{"@type":"SearchAction","target":{"@type":"EntryPoint","urlTemplate":"https:\/\/www.itzinya.com\/?s={search_term_string}"},"query-input":{"@type":"PropertyValueSpecification","valueRequired":true,"valueName":"search_term_string"}}],"inLanguage":"swe-SE"},{"@type":"Organization","@id":"https:\/\/www.itzinya.com\/#organization","name":"Itzinya.com","url":"https:\/\/www.itzinya.com\/","logo":{"@type":"ImageObject","inLanguage":"swe-SE","@id":"https:\/\/www.itzinya.com\/#\/schema\/logo\/image\/","url":"https:\/\/www.itzinya.com\/wp-content\/uploads\/sites\/13\/2020\/05\/itzinya-logo-responsive-1.svg","contentUrl":"https:\/\/www.itzinya.com\/wp-content\/uploads\/sites\/13\/2020\/05\/itzinya-logo-responsive-1.svg","width":313,"height":443,"caption":"Itzinya.com"},"image":{"@id":"https:\/\/www.itzinya.com\/#\/schema\/logo\/image\/"}}]}},"_links":{"self":[{"href":"https:\/\/www.itzinya.com\/swe\/wp-json\/wp\/v2\/pages\/493","targetHints":{"allow":["GET"]}}],"collection":[{"href":"https:\/\/www.itzinya.com\/swe\/wp-json\/wp\/v2\/pages"}],"about":[{"href":"https:\/\/www.itzinya.com\/swe\/wp-json\/wp\/v2\/types\/page"}],"author":[{"embeddable":true,"href":"https:\/\/www.itzinya.com\/swe\/wp-json\/wp\/v2\/users\/1"}],"replies":[{"embeddable":true,"href":"https:\/\/www.itzinya.com\/swe\/wp-json\/wp\/v2\/comments?post=493"}],"version-history":[{"count":6,"href":"https:\/\/www.itzinya.com\/swe\/wp-json\/wp\/v2\/pages\/493\/revisions"}],"predecessor-version":[{"id":841,"href":"https:\/\/www.itzinya.com\/swe\/wp-json\/wp\/v2\/pages\/493\/revisions\/841"}],"wp:featuredmedia":[{"embeddable":true,"href":"https:\/\/www.itzinya.com\/swe\/wp-json\/wp\/v2\/media\/659"}],"wp:attachment":[{"href":"https:\/\/www.itzinya.com\/swe\/wp-json\/wp\/v2\/media?parent=493"}],"curies":[{"name":"wp","href":"https:\/\/api.w.org\/{rel}","templated":true}]}}