{"id":484,"date":"2020-02-26T09:24:35","date_gmt":"2020-02-26T09:24:35","guid":{"rendered":"https:\/\/www.itzinya.org\/itzinya\/online\/"},"modified":"2020-10-01T08:18:05","modified_gmt":"2020-10-01T08:18:05","slug":"online","status":"publish","type":"page","link":"https:\/\/www.itzinya.com\/swe\/online\/","title":{"rendered":"ONLINE"},"content":{"rendered":"\n<blockquote class=\"wp-block-quote is-layout-flow wp-block-quote-is-layout-flow\"><p>GrowthWheel Online<br>\u2014Vill du hj\u00e4lpa fler klienter p\u00e5 kortare tid? L\u00e5t dem v\u00e4xa i molnet. <\/p><\/blockquote>\n\n\n\n<p><strong>GrowthWheel Online \u00e4r ett komplett aff\u00e4rsr\u00e5dgivningssystem som st\u00f6djer hela arbetsfl\u00f6det f\u00f6r r\u00e5dgivare som arbetar med sina klienter.<\/strong> <br>P\u00e5 GrowthWheel Online kan aff\u00e4rsr\u00e5dgivare bjuda in sina klienter till plattformen och erbjuda dem ett konto s\u00e5 att de sj\u00e4lva kan arbeta med digitala verktyg f\u00f6r att bygga sin verksamhet. Klienterna f\u00e5r en b\u00e4ttre upplevelse eftersom de har valm\u00f6jligheten till b\u00e5de sj\u00e4lvbetj\u00e4ning och personligt engagemang med deras r\u00e5dgivare.<\/p>\n\n\n\n<div class=\"wp-block-columns is-layout-flex wp-container-core-columns-is-layout-9d6595d7 wp-block-columns-is-layout-flex\">\n<div class=\"wp-block-column is-layout-flow wp-block-column-is-layout-flow\">\n<figure class=\"wp-block-image size-large cus-img-caption\"><img decoding=\"async\" width=\"300\" height=\"225\" src=\"https:\/\/www.itzinya.com\/wp-content\/uploads\/sites\/13\/2020\/05\/online1.jpg\" alt=\"online1\" class=\"wp-image-821\" \/><\/figure>\n<\/div>\n\n\n\n<div class=\"wp-block-column is-layout-flow wp-block-column-is-layout-flow\">\n<figure class=\"wp-block-image size-large cus-img-caption\"><img decoding=\"async\" width=\"300\" height=\"225\" src=\"https:\/\/www.itzinya.com\/wp-content\/uploads\/sites\/13\/2020\/05\/online2.jpg\" alt=\"online2\" class=\"wp-image-823\" \/><\/figure>\n<\/div>\n\n\n\n<div class=\"wp-block-column is-layout-flow wp-block-column-is-layout-flow\">\n<figure class=\"wp-block-image size-large cus-img-caption\"><img decoding=\"async\" width=\"300\" height=\"225\" src=\"https:\/\/www.itzinya.com\/wp-content\/uploads\/sites\/13\/2020\/05\/online3.jpg\" alt=\"online3\" class=\"wp-image-825\" \/><\/figure>\n<\/div>\n<\/div>\n\n\n\n<div class=\"wp-block-columns is-layout-flex wp-container-core-columns-is-layout-9d6595d7 wp-block-columns-is-layout-flex\">\n<div class=\"wp-block-column is-layout-flow wp-block-column-is-layout-flow\">\n<figure class=\"wp-block-image size-large cus-img-caption\"><img decoding=\"async\" width=\"300\" height=\"224\" src=\"https:\/\/www.itzinya.com\/wp-content\/uploads\/sites\/13\/2020\/05\/online4.jpg\" alt=\"online4\" class=\"wp-image-827\" \/><\/figure>\n<\/div>\n\n\n\n<div class=\"wp-block-column is-layout-flow wp-block-column-is-layout-flow\">\n<figure class=\"wp-block-image size-large cus-img-caption\"><img decoding=\"async\" width=\"300\" height=\"225\" src=\"https:\/\/www.itzinya.com\/wp-content\/uploads\/sites\/13\/2020\/05\/online5.jpg\" alt=\"online5\" class=\"wp-image-829\" \/><\/figure>\n<\/div>\n\n\n\n<div class=\"wp-block-column is-layout-flow wp-block-column-is-layout-flow\">\n<figure class=\"wp-block-image size-large cus-img-caption\"><img decoding=\"async\" width=\"300\" height=\"225\" src=\"https:\/\/www.itzinya.com\/wp-content\/uploads\/sites\/13\/2020\/05\/online6.jpg\" alt=\"online6\" class=\"wp-image-831\" \/><\/figure>\n<\/div>\n<\/div>\n\n\n\n<blockquote class=\"wp-block-quote is-layout-flow wp-block-quote-is-layout-flow\"><p>Mjukvaruuppdateringar <\/p><\/blockquote>\n\n\n\n<p>GrowthWheel har nu sl\u00e4ppt m\u00e5natliga uppdateringar p\u00e5 mjukvaran de senaste 36 m\u00e5naderna och nya id\u00e9er och f\u00f6rb\u00e4ttringar sinar inte.<\/p>\n\n\n\n<figure class=\"wp-block-image size-large\"><img decoding=\"async\" width=\"749\" height=\"249\" src=\"https:\/\/www.itzinya.com\/wp-content\/uploads\/sites\/13\/2020\/05\/online7.jpg\" alt=\"online7\" class=\"wp-image-833\" srcset=\"https:\/\/www.itzinya.com\/wp-content\/uploads\/sites\/13\/2020\/05\/online7.jpg 749w, https:\/\/www.itzinya.com\/wp-content\/uploads\/sites\/13\/2020\/05\/online7-300x100.jpg 300w\" sizes=\"(max-width: 749px) 100vw, 749px\" \/><\/figure>\n","protected":false},"excerpt":{"rendered":"<p>GrowthWheel Online\u2014Vill du hj\u00e4lpa fler klienter p\u00e5 kortare tid? L\u00e5t dem v\u00e4xa i molnet. GrowthWheel Online \u00e4r ett komplett aff\u00e4rsr\u00e5dgivningssystem som st\u00f6djer hela arbetsfl\u00f6det f\u00f6r r\u00e5dgivare som arbetar med sina klienter. P\u00e5 GrowthWheel Online kan aff\u00e4rsr\u00e5dgivare bjuda in sina klienter till plattformen och erbjuda dem ett konto s\u00e5 att de sj\u00e4lva kan arbeta med digitala [&#8230;]<\/p>\n<p><a class=\"btn btn-secondary seadev-read-more-link\" href=\"https:\/\/www.itzinya.com\/swe\/online\/\">Read More&#8230;<\/a><\/p>\n","protected":false},"author":1,"featured_media":669,"parent":0,"menu_order":0,"comment_status":"closed","ping_status":"closed","template":"","meta":{"_acf_changed":false,"inline_featured_image":false,"footnotes":""},"class_list":["post-484","page","type-page","status-publish","has-post-thumbnail","hentry"],"acf":[],"yoast_head":"<!-- This site is optimized with the Yoast SEO plugin v25.9 - https:\/\/yoast.com\/wordpress\/plugins\/seo\/ -->\n<title>ONLINE - Itzinya.com<\/title>\n<meta name=\"robots\" content=\"index, follow, max-snippet:-1, max-image-preview:large, max-video-preview:-1\" \/>\n<link rel=\"canonical\" href=\"https:\/\/www.itzinya.com\/swe\/online\/\" \/>\n<meta property=\"og:locale\" content=\"en_US\" \/>\n<meta property=\"og:type\" content=\"article\" \/>\n<meta property=\"og:title\" content=\"ONLINE - Itzinya.com\" \/>\n<meta property=\"og:description\" content=\"GrowthWheel Online\u2014Vill du hj\u00e4lpa fler klienter p\u00e5 kortare tid? L\u00e5t dem v\u00e4xa i molnet. GrowthWheel Online \u00e4r ett komplett aff\u00e4rsr\u00e5dgivningssystem som st\u00f6djer hela arbetsfl\u00f6det f\u00f6r r\u00e5dgivare som arbetar med sina klienter. P\u00e5 GrowthWheel Online kan aff\u00e4rsr\u00e5dgivare bjuda in sina klienter till plattformen och erbjuda dem ett konto s\u00e5 att de sj\u00e4lva kan arbeta med digitala [...]Read More...\" \/>\n<meta property=\"og:url\" content=\"https:\/\/www.itzinya.com\/swe\/online\/\" \/>\n<meta property=\"og:site_name\" content=\"Itzinya.com\" \/>\n<meta property=\"article:modified_time\" content=\"2020-10-01T08:18:05+00:00\" \/>\n<meta property=\"og:image\" content=\"https:\/\/www.itzinya.com\/wp-content\/uploads\/sites\/13\/2020\/04\/iStock-1046983540-1.jpg\" \/>\n\t<meta property=\"og:image:width\" content=\"1440\" \/>\n\t<meta property=\"og:image:height\" content=\"1080\" \/>\n\t<meta property=\"og:image:type\" content=\"image\/jpeg\" \/>\n<meta name=\"twitter:card\" content=\"summary_large_image\" \/>\n<meta name=\"twitter:label1\" content=\"Est. reading time\" \/>\n\t<meta name=\"twitter:data1\" content=\"1 minute\" \/>\n<script type=\"application\/ld+json\" class=\"yoast-schema-graph\">{\"@context\":\"https:\/\/schema.org\",\"@graph\":[{\"@type\":\"WebPage\",\"@id\":\"https:\/\/www.itzinya.com\/swe\/online\/\",\"url\":\"https:\/\/www.itzinya.com\/swe\/online\/\",\"name\":\"ONLINE - Itzinya.com\",\"isPartOf\":{\"@id\":\"https:\/\/www.itzinya.com\/#website\"},\"primaryImageOfPage\":{\"@id\":\"https:\/\/www.itzinya.com\/swe\/online\/#primaryimage\"},\"image\":{\"@id\":\"https:\/\/www.itzinya.com\/swe\/online\/#primaryimage\"},\"thumbnailUrl\":\"https:\/\/www.itzinya.com\/wp-content\/uploads\/sites\/13\/2020\/04\/iStock-1046983540-1.jpg\",\"datePublished\":\"2020-02-26T09:24:35+00:00\",\"dateModified\":\"2020-10-01T08:18:05+00:00\",\"breadcrumb\":{\"@id\":\"https:\/\/www.itzinya.com\/swe\/online\/#breadcrumb\"},\"inLanguage\":\"swe-SE\",\"potentialAction\":[{\"@type\":\"ReadAction\",\"target\":[\"https:\/\/www.itzinya.com\/swe\/online\/\"]}]},{\"@type\":\"ImageObject\",\"inLanguage\":\"swe-SE\",\"@id\":\"https:\/\/www.itzinya.com\/swe\/online\/#primaryimage\",\"url\":\"https:\/\/www.itzinya.com\/wp-content\/uploads\/sites\/13\/2020\/04\/iStock-1046983540-1.jpg\",\"contentUrl\":\"https:\/\/www.itzinya.com\/wp-content\/uploads\/sites\/13\/2020\/04\/iStock-1046983540-1.jpg\",\"width\":1440,\"height\":1080},{\"@type\":\"BreadcrumbList\",\"@id\":\"https:\/\/www.itzinya.com\/swe\/online\/#breadcrumb\",\"itemListElement\":[{\"@type\":\"ListItem\",\"position\":1,\"name\":\"Home\",\"item\":\"https:\/\/www.itzinya.com\/swe\/\"},{\"@type\":\"ListItem\",\"position\":2,\"name\":\"ONLINE\"}]},{\"@type\":\"WebSite\",\"@id\":\"https:\/\/www.itzinya.com\/#website\",\"url\":\"https:\/\/www.itzinya.com\/\",\"name\":\"Itzinya.com\",\"description\":\"StartUp Entrepreneurs\",\"publisher\":{\"@id\":\"https:\/\/www.itzinya.com\/#organization\"},\"potentialAction\":[{\"@type\":\"SearchAction\",\"target\":{\"@type\":\"EntryPoint\",\"urlTemplate\":\"https:\/\/www.itzinya.com\/?s={search_term_string}\"},\"query-input\":{\"@type\":\"PropertyValueSpecification\",\"valueRequired\":true,\"valueName\":\"search_term_string\"}}],\"inLanguage\":\"swe-SE\"},{\"@type\":\"Organization\",\"@id\":\"https:\/\/www.itzinya.com\/#organization\",\"name\":\"Itzinya.com\",\"url\":\"https:\/\/www.itzinya.com\/\",\"logo\":{\"@type\":\"ImageObject\",\"inLanguage\":\"swe-SE\",\"@id\":\"https:\/\/www.itzinya.com\/#\/schema\/logo\/image\/\",\"url\":\"https:\/\/www.itzinya.com\/wp-content\/uploads\/sites\/13\/2020\/05\/itzinya-logo-responsive-1.svg\",\"contentUrl\":\"https:\/\/www.itzinya.com\/wp-content\/uploads\/sites\/13\/2020\/05\/itzinya-logo-responsive-1.svg\",\"width\":313,\"height\":443,\"caption\":\"Itzinya.com\"},\"image\":{\"@id\":\"https:\/\/www.itzinya.com\/#\/schema\/logo\/image\/\"}}]}<\/script>\n<!-- \/ Yoast SEO plugin. -->","yoast_head_json":{"title":"ONLINE - Itzinya.com","robots":{"index":"index","follow":"follow","max-snippet":"max-snippet:-1","max-image-preview":"max-image-preview:large","max-video-preview":"max-video-preview:-1"},"canonical":"https:\/\/www.itzinya.com\/swe\/online\/","og_locale":"en_US","og_type":"article","og_title":"ONLINE - Itzinya.com","og_description":"GrowthWheel Online\u2014Vill du hj\u00e4lpa fler klienter p\u00e5 kortare tid? L\u00e5t dem v\u00e4xa i molnet. GrowthWheel Online \u00e4r ett komplett aff\u00e4rsr\u00e5dgivningssystem som st\u00f6djer hela arbetsfl\u00f6det f\u00f6r r\u00e5dgivare som arbetar med sina klienter. P\u00e5 GrowthWheel Online kan aff\u00e4rsr\u00e5dgivare bjuda in sina klienter till plattformen och erbjuda dem ett konto s\u00e5 att de sj\u00e4lva kan arbeta med digitala [...]Read More...","og_url":"https:\/\/www.itzinya.com\/swe\/online\/","og_site_name":"Itzinya.com","article_modified_time":"2020-10-01T08:18:05+00:00","og_image":[{"width":1440,"height":1080,"url":"https:\/\/www.itzinya.com\/wp-content\/uploads\/sites\/13\/2020\/04\/iStock-1046983540-1.jpg","type":"image\/jpeg"}],"twitter_card":"summary_large_image","twitter_misc":{"Est. reading time":"1 minute"},"schema":{"@context":"https:\/\/schema.org","@graph":[{"@type":"WebPage","@id":"https:\/\/www.itzinya.com\/swe\/online\/","url":"https:\/\/www.itzinya.com\/swe\/online\/","name":"ONLINE - Itzinya.com","isPartOf":{"@id":"https:\/\/www.itzinya.com\/#website"},"primaryImageOfPage":{"@id":"https:\/\/www.itzinya.com\/swe\/online\/#primaryimage"},"image":{"@id":"https:\/\/www.itzinya.com\/swe\/online\/#primaryimage"},"thumbnailUrl":"https:\/\/www.itzinya.com\/wp-content\/uploads\/sites\/13\/2020\/04\/iStock-1046983540-1.jpg","datePublished":"2020-02-26T09:24:35+00:00","dateModified":"2020-10-01T08:18:05+00:00","breadcrumb":{"@id":"https:\/\/www.itzinya.com\/swe\/online\/#breadcrumb"},"inLanguage":"swe-SE","potentialAction":[{"@type":"ReadAction","target":["https:\/\/www.itzinya.com\/swe\/online\/"]}]},{"@type":"ImageObject","inLanguage":"swe-SE","@id":"https:\/\/www.itzinya.com\/swe\/online\/#primaryimage","url":"https:\/\/www.itzinya.com\/wp-content\/uploads\/sites\/13\/2020\/04\/iStock-1046983540-1.jpg","contentUrl":"https:\/\/www.itzinya.com\/wp-content\/uploads\/sites\/13\/2020\/04\/iStock-1046983540-1.jpg","width":1440,"height":1080},{"@type":"BreadcrumbList","@id":"https:\/\/www.itzinya.com\/swe\/online\/#breadcrumb","itemListElement":[{"@type":"ListItem","position":1,"name":"Home","item":"https:\/\/www.itzinya.com\/swe\/"},{"@type":"ListItem","position":2,"name":"ONLINE"}]},{"@type":"WebSite","@id":"https:\/\/www.itzinya.com\/#website","url":"https:\/\/www.itzinya.com\/","name":"Itzinya.com","description":"StartUp Entrepreneurs","publisher":{"@id":"https:\/\/www.itzinya.com\/#organization"},"potentialAction":[{"@type":"SearchAction","target":{"@type":"EntryPoint","urlTemplate":"https:\/\/www.itzinya.com\/?s={search_term_string}"},"query-input":{"@type":"PropertyValueSpecification","valueRequired":true,"valueName":"search_term_string"}}],"inLanguage":"swe-SE"},{"@type":"Organization","@id":"https:\/\/www.itzinya.com\/#organization","name":"Itzinya.com","url":"https:\/\/www.itzinya.com\/","logo":{"@type":"ImageObject","inLanguage":"swe-SE","@id":"https:\/\/www.itzinya.com\/#\/schema\/logo\/image\/","url":"https:\/\/www.itzinya.com\/wp-content\/uploads\/sites\/13\/2020\/05\/itzinya-logo-responsive-1.svg","contentUrl":"https:\/\/www.itzinya.com\/wp-content\/uploads\/sites\/13\/2020\/05\/itzinya-logo-responsive-1.svg","width":313,"height":443,"caption":"Itzinya.com"},"image":{"@id":"https:\/\/www.itzinya.com\/#\/schema\/logo\/image\/"}}]}},"_links":{"self":[{"href":"https:\/\/www.itzinya.com\/swe\/wp-json\/wp\/v2\/pages\/484","targetHints":{"allow":["GET"]}}],"collection":[{"href":"https:\/\/www.itzinya.com\/swe\/wp-json\/wp\/v2\/pages"}],"about":[{"href":"https:\/\/www.itzinya.com\/swe\/wp-json\/wp\/v2\/types\/page"}],"author":[{"embeddable":true,"href":"https:\/\/www.itzinya.com\/swe\/wp-json\/wp\/v2\/users\/1"}],"replies":[{"embeddable":true,"href":"https:\/\/www.itzinya.com\/swe\/wp-json\/wp\/v2\/comments?post=484"}],"version-history":[{"count":6,"href":"https:\/\/www.itzinya.com\/swe\/wp-json\/wp\/v2\/pages\/484\/revisions"}],"predecessor-version":[{"id":869,"href":"https:\/\/www.itzinya.com\/swe\/wp-json\/wp\/v2\/pages\/484\/revisions\/869"}],"wp:featuredmedia":[{"embeddable":true,"href":"https:\/\/www.itzinya.com\/swe\/wp-json\/wp\/v2\/media\/669"}],"wp:attachment":[{"href":"https:\/\/www.itzinya.com\/swe\/wp-json\/wp\/v2\/media?parent=484"}],"curies":[{"name":"wp","href":"https:\/\/api.w.org\/{rel}","templated":true}]}}