{"id":462,"date":"2020-03-02T10:58:58","date_gmt":"2020-03-02T10:58:58","guid":{"rendered":"https:\/\/www.itzinya.org\/itzinya\/hem\/"},"modified":"2020-05-11T04:05:38","modified_gmt":"2020-05-11T04:05:38","slug":"hem","status":"publish","type":"page","link":"https:\/\/www.itzinya.com\/swe\/hem\/","title":{"rendered":"HEM"},"content":{"rendered":"\n<blockquote class=\"wp-block-quote is-layout-flow wp-block-quote-is-layout-flow\"><p>Vad kr\u00e4vs f\u00f6r att f\u00e5 ett f\u00f6retag att v\u00e4xa? Helt enkelt\u2026  <br>FOKUSERA \u2013 BESLUTA \u2013 AGERA  <\/p><\/blockquote>\n\n\n\n<p>Ja, det faktiska arbetet bakom att skala upp ett f\u00f6retag \u00e4r naturligtvis aldrig enkelt utan snarare ett h\u00e5rt arbete, men att f\u00f6rst\u00e5&nbsp;<strong>vad<\/strong>&nbsp;vi beh\u00f6ver g\u00f6ra b\u00f6r vara s\u00e5 enkelt som m\u00f6jligt.<\/p>\n\n\n\n<p>Problemet \u00e4r bara att det finns s\u00e5 m\u00e5nga saker att t\u00e4nka p\u00e5 f\u00f6r en entrepren\u00f6r att det \u00e4r genuint sv\u00e5rt att fokusera tillr\u00e4ckligt med tid och energi p\u00e5 de mest strategiska \u00e5tg\u00e4rderna f\u00f6r att skala upp verksamheten.<\/p>\n\n\n\n<p style=\"color:#000000;font-size:18px\" class=\"has-text-color p-0\"><em><strong>\u201dDet \u00e4r genuint sv\u00e5rt att fokusera tillr\u00e4ckligt med tid och energi p\u00e5 de mest strategiska \u00e5tg\u00e4rderna\u201d<\/strong><\/em><\/p>\n\n\n\n<p><\/p>\n\n\n\n<p>Detta \u00e4r v\u00e5r mission, att hj\u00e4lpa entrepren\u00f6rer bli verkligt effektiva n\u00e4r det g\u00e4ller att fokusera p\u00e5 vilka beslut som ska tas och vilka \u00e5tg\u00e4rder som beh\u00f6ver g\u00f6ras f\u00f6r att v\u00e4xa f\u00f6retaget och att hj\u00e4lpa f\u00f6retagsr\u00e5dgivarna assistera dem i processen.<\/p>\n\n\n\n<p>Och g\u00f6ra det s\u00e5 enkelt som m\u00f6jligt\u2026<\/p>\n\n\n\n<p style=\"color:#000000;font-size:18px\" class=\"has-text-color p-0 pb-4\"><strong>Enklare \u00e4n s\u00e5 h\u00e4r blir det inte<\/strong><\/p>\n\n\n\n<figure class=\"wp-block-image size-large\"><img decoding=\"async\" width=\"400\" height=\"400\" src=\"https:\/\/www.itzinya.com\/wp-content\/uploads\/sites\/13\/2020\/05\/home.jpg\" alt=\"home\" class=\"wp-image-774\" srcset=\"https:\/\/www.itzinya.com\/wp-content\/uploads\/sites\/13\/2020\/05\/home.jpg 400w, https:\/\/www.itzinya.com\/wp-content\/uploads\/sites\/13\/2020\/05\/home-300x300.jpg 300w, https:\/\/www.itzinya.com\/wp-content\/uploads\/sites\/13\/2020\/05\/home-150x150.jpg 150w\" sizes=\"(max-width: 400px) 100vw, 400px\" \/><\/figure>\n\n\n\n<figure class=\"wp-block-image size-large\"><img decoding=\"async\" width=\"200\" height=\"50\" src=\"https:\/\/www.itzinya.com\/wp-content\/uploads\/sites\/13\/2020\/05\/growthwheel-logo.jpg\" alt=\"growthwheel-logo\" class=\"wp-image-776\"\/><\/figure>\n\n\n\n<pre class=\"wp-block-preformatted\">\u00a9 GrowthWheel International Inc<\/pre>\n","protected":false},"excerpt":{"rendered":"<p>Vad kr\u00e4vs f\u00f6r att f\u00e5 ett f\u00f6retag att v\u00e4xa? Helt enkelt\u2026 FOKUSERA \u2013 BESLUTA \u2013 AGERA Ja, det faktiska arbetet bakom att skala upp ett f\u00f6retag \u00e4r naturligtvis aldrig enkelt utan snarare ett h\u00e5rt arbete, men att f\u00f6rst\u00e5&nbsp;vad&nbsp;vi beh\u00f6ver g\u00f6ra b\u00f6r vara s\u00e5 enkelt som m\u00f6jligt. Problemet \u00e4r bara att det finns s\u00e5 m\u00e5nga saker [&#8230;]<\/p>\n<p><a class=\"btn btn-secondary seadev-read-more-link\" href=\"https:\/\/www.itzinya.com\/swe\/hem\/\">Read More&#8230;<\/a><\/p>\n","protected":false},"author":1,"featured_media":667,"parent":0,"menu_order":0,"comment_status":"closed","ping_status":"closed","template":"","meta":{"_acf_changed":false,"inline_featured_image":false,"footnotes":""},"class_list":["post-462","page","type-page","status-publish","has-post-thumbnail","hentry"],"acf":[],"yoast_head":"<!-- This site is optimized with the Yoast SEO plugin v25.9 - https:\/\/yoast.com\/wordpress\/plugins\/seo\/ -->\n<title>HEM - Itzinya.com<\/title>\n<meta name=\"robots\" content=\"index, follow, max-snippet:-1, max-image-preview:large, max-video-preview:-1\" \/>\n<link rel=\"canonical\" href=\"https:\/\/www.itzinya.com\/swe\/hem\/\" \/>\n<meta property=\"og:locale\" content=\"en_US\" \/>\n<meta property=\"og:type\" content=\"article\" \/>\n<meta property=\"og:title\" content=\"HEM - Itzinya.com\" \/>\n<meta property=\"og:description\" content=\"Vad kr\u00e4vs f\u00f6r att f\u00e5 ett f\u00f6retag att v\u00e4xa? Helt enkelt\u2026 FOKUSERA \u2013 BESLUTA \u2013 AGERA Ja, det faktiska arbetet bakom att skala upp ett f\u00f6retag \u00e4r naturligtvis aldrig enkelt utan snarare ett h\u00e5rt arbete, men att f\u00f6rst\u00e5&nbsp;vad&nbsp;vi beh\u00f6ver g\u00f6ra b\u00f6r vara s\u00e5 enkelt som m\u00f6jligt. Problemet \u00e4r bara att det finns s\u00e5 m\u00e5nga saker [...]Read More...\" \/>\n<meta property=\"og:url\" content=\"https:\/\/www.itzinya.com\/swe\/hem\/\" \/>\n<meta property=\"og:site_name\" content=\"Itzinya.com\" \/>\n<meta property=\"article:modified_time\" content=\"2020-05-11T04:05:38+00:00\" \/>\n<meta property=\"og:image\" content=\"https:\/\/www.itzinya.com\/wp-content\/uploads\/sites\/13\/2020\/04\/iStock-948010744-1.jpg\" \/>\n\t<meta property=\"og:image:width\" content=\"1448\" \/>\n\t<meta property=\"og:image:height\" content=\"1080\" \/>\n\t<meta property=\"og:image:type\" content=\"image\/jpeg\" \/>\n<meta name=\"twitter:card\" content=\"summary_large_image\" \/>\n<meta name=\"twitter:label1\" content=\"Est. reading time\" \/>\n\t<meta name=\"twitter:data1\" content=\"1 minute\" \/>\n<script type=\"application\/ld+json\" class=\"yoast-schema-graph\">{\"@context\":\"https:\/\/schema.org\",\"@graph\":[{\"@type\":\"WebPage\",\"@id\":\"https:\/\/www.itzinya.com\/swe\/hem\/\",\"url\":\"https:\/\/www.itzinya.com\/swe\/hem\/\",\"name\":\"HEM - Itzinya.com\",\"isPartOf\":{\"@id\":\"https:\/\/www.itzinya.com\/#website\"},\"primaryImageOfPage\":{\"@id\":\"https:\/\/www.itzinya.com\/swe\/hem\/#primaryimage\"},\"image\":{\"@id\":\"https:\/\/www.itzinya.com\/swe\/hem\/#primaryimage\"},\"thumbnailUrl\":\"https:\/\/www.itzinya.com\/wp-content\/uploads\/sites\/13\/2020\/04\/iStock-948010744-1.jpg\",\"datePublished\":\"2020-03-02T10:58:58+00:00\",\"dateModified\":\"2020-05-11T04:05:38+00:00\",\"breadcrumb\":{\"@id\":\"https:\/\/www.itzinya.com\/swe\/hem\/#breadcrumb\"},\"inLanguage\":\"swe-SE\",\"potentialAction\":[{\"@type\":\"ReadAction\",\"target\":[\"https:\/\/www.itzinya.com\/swe\/hem\/\"]}]},{\"@type\":\"ImageObject\",\"inLanguage\":\"swe-SE\",\"@id\":\"https:\/\/www.itzinya.com\/swe\/hem\/#primaryimage\",\"url\":\"https:\/\/www.itzinya.com\/wp-content\/uploads\/sites\/13\/2020\/04\/iStock-948010744-1.jpg\",\"contentUrl\":\"https:\/\/www.itzinya.com\/wp-content\/uploads\/sites\/13\/2020\/04\/iStock-948010744-1.jpg\",\"width\":1448,\"height\":1080},{\"@type\":\"BreadcrumbList\",\"@id\":\"https:\/\/www.itzinya.com\/swe\/hem\/#breadcrumb\",\"itemListElement\":[{\"@type\":\"ListItem\",\"position\":1,\"name\":\"Home\",\"item\":\"https:\/\/www.itzinya.com\/swe\/\"},{\"@type\":\"ListItem\",\"position\":2,\"name\":\"HEM\"}]},{\"@type\":\"WebSite\",\"@id\":\"https:\/\/www.itzinya.com\/#website\",\"url\":\"https:\/\/www.itzinya.com\/\",\"name\":\"Itzinya.com\",\"description\":\"StartUp Entrepreneurs\",\"publisher\":{\"@id\":\"https:\/\/www.itzinya.com\/#organization\"},\"potentialAction\":[{\"@type\":\"SearchAction\",\"target\":{\"@type\":\"EntryPoint\",\"urlTemplate\":\"https:\/\/www.itzinya.com\/?s={search_term_string}\"},\"query-input\":{\"@type\":\"PropertyValueSpecification\",\"valueRequired\":true,\"valueName\":\"search_term_string\"}}],\"inLanguage\":\"swe-SE\"},{\"@type\":\"Organization\",\"@id\":\"https:\/\/www.itzinya.com\/#organization\",\"name\":\"Itzinya.com\",\"url\":\"https:\/\/www.itzinya.com\/\",\"logo\":{\"@type\":\"ImageObject\",\"inLanguage\":\"swe-SE\",\"@id\":\"https:\/\/www.itzinya.com\/#\/schema\/logo\/image\/\",\"url\":\"https:\/\/www.itzinya.com\/wp-content\/uploads\/sites\/13\/2020\/05\/itzinya-logo-responsive-1.svg\",\"contentUrl\":\"https:\/\/www.itzinya.com\/wp-content\/uploads\/sites\/13\/2020\/05\/itzinya-logo-responsive-1.svg\",\"width\":313,\"height\":443,\"caption\":\"Itzinya.com\"},\"image\":{\"@id\":\"https:\/\/www.itzinya.com\/#\/schema\/logo\/image\/\"}}]}<\/script>\n<!-- \/ Yoast SEO plugin. -->","yoast_head_json":{"title":"HEM - Itzinya.com","robots":{"index":"index","follow":"follow","max-snippet":"max-snippet:-1","max-image-preview":"max-image-preview:large","max-video-preview":"max-video-preview:-1"},"canonical":"https:\/\/www.itzinya.com\/swe\/hem\/","og_locale":"en_US","og_type":"article","og_title":"HEM - Itzinya.com","og_description":"Vad kr\u00e4vs f\u00f6r att f\u00e5 ett f\u00f6retag att v\u00e4xa? Helt enkelt\u2026 FOKUSERA \u2013 BESLUTA \u2013 AGERA Ja, det faktiska arbetet bakom att skala upp ett f\u00f6retag \u00e4r naturligtvis aldrig enkelt utan snarare ett h\u00e5rt arbete, men att f\u00f6rst\u00e5&nbsp;vad&nbsp;vi beh\u00f6ver g\u00f6ra b\u00f6r vara s\u00e5 enkelt som m\u00f6jligt. Problemet \u00e4r bara att det finns s\u00e5 m\u00e5nga saker [...]Read More...","og_url":"https:\/\/www.itzinya.com\/swe\/hem\/","og_site_name":"Itzinya.com","article_modified_time":"2020-05-11T04:05:38+00:00","og_image":[{"width":1448,"height":1080,"url":"https:\/\/www.itzinya.com\/wp-content\/uploads\/sites\/13\/2020\/04\/iStock-948010744-1.jpg","type":"image\/jpeg"}],"twitter_card":"summary_large_image","twitter_misc":{"Est. reading time":"1 minute"},"schema":{"@context":"https:\/\/schema.org","@graph":[{"@type":"WebPage","@id":"https:\/\/www.itzinya.com\/swe\/hem\/","url":"https:\/\/www.itzinya.com\/swe\/hem\/","name":"HEM - Itzinya.com","isPartOf":{"@id":"https:\/\/www.itzinya.com\/#website"},"primaryImageOfPage":{"@id":"https:\/\/www.itzinya.com\/swe\/hem\/#primaryimage"},"image":{"@id":"https:\/\/www.itzinya.com\/swe\/hem\/#primaryimage"},"thumbnailUrl":"https:\/\/www.itzinya.com\/wp-content\/uploads\/sites\/13\/2020\/04\/iStock-948010744-1.jpg","datePublished":"2020-03-02T10:58:58+00:00","dateModified":"2020-05-11T04:05:38+00:00","breadcrumb":{"@id":"https:\/\/www.itzinya.com\/swe\/hem\/#breadcrumb"},"inLanguage":"swe-SE","potentialAction":[{"@type":"ReadAction","target":["https:\/\/www.itzinya.com\/swe\/hem\/"]}]},{"@type":"ImageObject","inLanguage":"swe-SE","@id":"https:\/\/www.itzinya.com\/swe\/hem\/#primaryimage","url":"https:\/\/www.itzinya.com\/wp-content\/uploads\/sites\/13\/2020\/04\/iStock-948010744-1.jpg","contentUrl":"https:\/\/www.itzinya.com\/wp-content\/uploads\/sites\/13\/2020\/04\/iStock-948010744-1.jpg","width":1448,"height":1080},{"@type":"BreadcrumbList","@id":"https:\/\/www.itzinya.com\/swe\/hem\/#breadcrumb","itemListElement":[{"@type":"ListItem","position":1,"name":"Home","item":"https:\/\/www.itzinya.com\/swe\/"},{"@type":"ListItem","position":2,"name":"HEM"}]},{"@type":"WebSite","@id":"https:\/\/www.itzinya.com\/#website","url":"https:\/\/www.itzinya.com\/","name":"Itzinya.com","description":"StartUp Entrepreneurs","publisher":{"@id":"https:\/\/www.itzinya.com\/#organization"},"potentialAction":[{"@type":"SearchAction","target":{"@type":"EntryPoint","urlTemplate":"https:\/\/www.itzinya.com\/?s={search_term_string}"},"query-input":{"@type":"PropertyValueSpecification","valueRequired":true,"valueName":"search_term_string"}}],"inLanguage":"swe-SE"},{"@type":"Organization","@id":"https:\/\/www.itzinya.com\/#organization","name":"Itzinya.com","url":"https:\/\/www.itzinya.com\/","logo":{"@type":"ImageObject","inLanguage":"swe-SE","@id":"https:\/\/www.itzinya.com\/#\/schema\/logo\/image\/","url":"https:\/\/www.itzinya.com\/wp-content\/uploads\/sites\/13\/2020\/05\/itzinya-logo-responsive-1.svg","contentUrl":"https:\/\/www.itzinya.com\/wp-content\/uploads\/sites\/13\/2020\/05\/itzinya-logo-responsive-1.svg","width":313,"height":443,"caption":"Itzinya.com"},"image":{"@id":"https:\/\/www.itzinya.com\/#\/schema\/logo\/image\/"}}]}},"_links":{"self":[{"href":"https:\/\/www.itzinya.com\/swe\/wp-json\/wp\/v2\/pages\/462","targetHints":{"allow":["GET"]}}],"collection":[{"href":"https:\/\/www.itzinya.com\/swe\/wp-json\/wp\/v2\/pages"}],"about":[{"href":"https:\/\/www.itzinya.com\/swe\/wp-json\/wp\/v2\/types\/page"}],"author":[{"embeddable":true,"href":"https:\/\/www.itzinya.com\/swe\/wp-json\/wp\/v2\/users\/1"}],"replies":[{"embeddable":true,"href":"https:\/\/www.itzinya.com\/swe\/wp-json\/wp\/v2\/comments?post=462"}],"version-history":[{"count":6,"href":"https:\/\/www.itzinya.com\/swe\/wp-json\/wp\/v2\/pages\/462\/revisions"}],"predecessor-version":[{"id":867,"href":"https:\/\/www.itzinya.com\/swe\/wp-json\/wp\/v2\/pages\/462\/revisions\/867"}],"wp:featuredmedia":[{"embeddable":true,"href":"https:\/\/www.itzinya.com\/swe\/wp-json\/wp\/v2\/media\/667"}],"wp:attachment":[{"href":"https:\/\/www.itzinya.com\/swe\/wp-json\/wp\/v2\/media?parent=462"}],"curies":[{"name":"wp","href":"https:\/\/api.w.org\/{rel}","templated":true}]}}