{"id":459,"date":"2020-03-02T12:37:47","date_gmt":"2020-03-02T12:37:47","guid":{"rendered":"https:\/\/www.itzinya.org\/itzinya\/vaxa\/"},"modified":"2020-10-06T08:34:49","modified_gmt":"2020-10-06T08:34:49","slug":"vaxa","status":"publish","type":"page","link":"https:\/\/www.itzinya.com\/swe\/vaxa\/","title":{"rendered":"V\u00c4XA"},"content":{"rendered":"\n<blockquote class=\"wp-block-quote is-layout-flow wp-block-quote-is-layout-flow\"><p>Ett f\u00f6retag st\u00e5r aldrig stilla<br>\u2014Antingen r\u00f6r du dig fram\u00e5t, eller s\u00e5 g\u00e5r du per definition bak\u00e5t! <\/p><\/blockquote>\n\n\n\n<p>Precis n\u00e4r du har b\u00f6rjat k\u00e4nna dig bekv\u00e4m i att du vet var du h\u00e5ller p\u00e5 med, du levererar till n\u00f6jda kunder och du \u00e4r l\u00f6nsam \u2013 d\u00e5 \u00e4r det dags att ta nya os\u00e4kra steg i utvecklingen. Marknaden r\u00f6r sig fram\u00e5t, nya produkter har kommit efter dina, kundbeteenden f\u00f6r\u00e4ndras, du kan inte st\u00e5 still, du beh\u00f6ver r\u00f6ra dig med marknaden eller s\u00e5 finner du dig snart omk\u00f6rd.<\/p>\n\n\n\n<p>Ibland handlar det om att slipa p\u00e5 sitt erbjudande, specialisera sig p\u00e5 ett specifikt kundsegment eller flytta till en mer central plats. Ibland handlar det helt enkelt om att v\u00e4xa vare sig det \u00e4r organiskt eller genom sammanslagningar och f\u00f6retagsf\u00f6rv\u00e4rv. Kanske det sv\u00e5raste av allt \u00e4r att f\u00e5 tid till arbetet som kr\u00e4vs f\u00f6r planering och strategibyggande f\u00f6r dessa f\u00f6r\u00e4ndringar mitt i ett hektiskt f\u00f6retagsvardagsliv.<\/p>\n\n\n\n<p>Itzinya specialiserar sig p\u00e5 att hj\u00e4lpa f\u00f6retag att f\u00e5 kontroll \u00f6ver f\u00f6r\u00e4ndringarna, att f\u00e5 prioriteringarna r\u00e4tt, besluten tagna och \u00e5tg\u00e4rderna gjorda, p\u00e5 ett s\u00e5 enkelt s\u00e4tt det bara \u00e4r m\u00f6jligt. Vi g\u00f6r detta som Certifierad Partner med <a rel=\"noreferrer noopener\" aria-label=\"GrowthWheel (opens in a new tab)\" href=\"https:\/\/www.growthwheel.com\/\" target=\"_blank\">GrowthWheel<\/a>.<\/p>\n\n\n\n<blockquote class=\"wp-block-quote is-layout-flow wp-block-quote-is-layout-flow\"><p>Testa h\u00e4r p\u00e5 bara 10 minuter!<\/p><\/blockquote>\n\n\n\n<p> G\u00e5 igenom 20 Fokusomr\u00e5den och skatta din organisation enligt din egen standard. Tanken \u00e4r att det ska vara magk\u00e4nsla s\u00e5 max 10 minuter. <\/p>\n\n\n\n<p><strong>Men f\u00f6rst &#8211; best\u00e4m dig f\u00f6r vad du vill utv\u00e4rdera fr\u00e5n dessa tre olika val:<\/strong><\/p>\n\n\n\n<p> 1. Hur ditt f\u00f6retag g\u00e5r just nu? <br>2.  P\u00e5 vilka omr\u00e5den du ser m\u00f6jligheter att v\u00e4xa just nu? <br>3.  Vad beh\u00f6ver ni som organisation l\u00e4ra er under de n\u00e4rmaste 3-6 m\u00e5naderna? <\/p>\n\n\n\n<p><strong>Sen skattar du det fr\u00e5n 0-100% genom att klicka i de gr\u00e5 f\u00e4lten i GrowthWheels 360\u00b0 Screening.<\/strong><\/p>\n\n\n\n<figure><iframe style=\"border: none\" src=\"https:\/\/growthwheel.net\/interactive-wheel\/swe\/800\" width=\"100%\" height=\"550px\"><\/iframe><\/figure>\n\n\n\n<pre class=\"wp-block-preformatted\"> \u00a9 GrowthWheel International Inc. <\/pre>\n\n\n\n<blockquote class=\"wp-block-quote is-layout-flow wp-block-quote-is-layout-flow\"><p> Ta-daa! En 360\u00b0 \u00f6versikt! <\/p><\/blockquote>\n\n\n\n<p> Vad kan du g\u00f6ra med den? Du kan v\u00e4lja (klicka p\u00e5) 3-4 olika aff\u00e4rsomr\u00e5den att fokusera p\u00e5 de kommande 3 m\u00e5naderna och se vart det tar dig? GrowthWheel kallar dem \u201dfokusomr\u00e5den\u201d och vi h\u00e5ller med d\u00e4rf\u00f6r att just detta \u00e4r vad vi ser som huvudproblemet vi alla har, att FOKUSERA tillr\u00e4ckligt l\u00e4nge och med tillr\u00e4cklig energi p\u00e5 det vi redan vet \u00e4r det allra viktigaste.<\/p>\n\n\n\n<p>Om du t\u00e4nker att lite st\u00f6d i denna process skulle ta dig l\u00e4ngre,&nbsp;<strong>s\u00e5 \u00e4r det just detta vi g\u00f6r p\u00e5 Itzinya!<\/strong>&nbsp;Vi hj\u00e4lper dig borra ner i de olika Fokusomr\u00e5dena genom att anv\u00e4nda enkla men \u00e4nd\u00e5 supereffektiva verktyg och processer f\u00f6r att f\u00e5 b\u00e4ttre resultat. <\/p>\n","protected":false},"excerpt":{"rendered":"<p>Ett f\u00f6retag st\u00e5r aldrig stilla\u2014Antingen r\u00f6r du dig fram\u00e5t, eller s\u00e5 g\u00e5r du per definition bak\u00e5t! Precis n\u00e4r du har b\u00f6rjat k\u00e4nna dig bekv\u00e4m i att du vet var du h\u00e5ller p\u00e5 med, du levererar till n\u00f6jda kunder och du \u00e4r l\u00f6nsam \u2013 d\u00e5 \u00e4r det dags att ta nya os\u00e4kra steg i utvecklingen. Marknaden [&#8230;]<\/p>\n<p><a class=\"btn btn-secondary seadev-read-more-link\" href=\"https:\/\/www.itzinya.com\/swe\/vaxa\/\">Read More&#8230;<\/a><\/p>\n","protected":false},"author":1,"featured_media":661,"parent":0,"menu_order":0,"comment_status":"closed","ping_status":"closed","template":"","meta":{"_acf_changed":false,"inline_featured_image":false,"footnotes":""},"class_list":["post-459","page","type-page","status-publish","has-post-thumbnail","hentry"],"acf":[],"yoast_head":"<!-- This site is optimized with the Yoast SEO plugin v25.9 - https:\/\/yoast.com\/wordpress\/plugins\/seo\/ -->\n<title>V\u00c4XA - Itzinya.com<\/title>\n<meta name=\"robots\" content=\"index, follow, max-snippet:-1, max-image-preview:large, max-video-preview:-1\" \/>\n<link rel=\"canonical\" href=\"https:\/\/www.itzinya.com\/swe\/vaxa\/\" \/>\n<meta property=\"og:locale\" content=\"en_US\" \/>\n<meta property=\"og:type\" content=\"article\" \/>\n<meta property=\"og:title\" content=\"V\u00c4XA - Itzinya.com\" \/>\n<meta property=\"og:description\" content=\"Ett f\u00f6retag st\u00e5r aldrig stilla\u2014Antingen r\u00f6r du dig fram\u00e5t, eller s\u00e5 g\u00e5r du per definition bak\u00e5t! Precis n\u00e4r du har b\u00f6rjat k\u00e4nna dig bekv\u00e4m i att du vet var du h\u00e5ller p\u00e5 med, du levererar till n\u00f6jda kunder och du \u00e4r l\u00f6nsam \u2013 d\u00e5 \u00e4r det dags att ta nya os\u00e4kra steg i utvecklingen. Marknaden [...]Read More...\" \/>\n<meta property=\"og:url\" content=\"https:\/\/www.itzinya.com\/swe\/vaxa\/\" \/>\n<meta property=\"og:site_name\" content=\"Itzinya.com\" \/>\n<meta property=\"article:modified_time\" content=\"2020-10-06T08:34:49+00:00\" \/>\n<meta property=\"og:image\" content=\"https:\/\/www.itzinya.com\/wp-content\/uploads\/sites\/13\/2020\/04\/iStock-671713212-1.jpg\" \/>\n\t<meta property=\"og:image:width\" content=\"1881\" \/>\n\t<meta property=\"og:image:height\" content=\"1080\" \/>\n\t<meta property=\"og:image:type\" content=\"image\/jpeg\" \/>\n<meta name=\"twitter:card\" content=\"summary_large_image\" \/>\n<meta name=\"twitter:label1\" content=\"Est. reading time\" \/>\n\t<meta name=\"twitter:data1\" content=\"2 minutes\" \/>\n<script type=\"application\/ld+json\" class=\"yoast-schema-graph\">{\"@context\":\"https:\/\/schema.org\",\"@graph\":[{\"@type\":\"WebPage\",\"@id\":\"https:\/\/www.itzinya.com\/swe\/vaxa\/\",\"url\":\"https:\/\/www.itzinya.com\/swe\/vaxa\/\",\"name\":\"V\u00c4XA - Itzinya.com\",\"isPartOf\":{\"@id\":\"https:\/\/www.itzinya.com\/#website\"},\"primaryImageOfPage\":{\"@id\":\"https:\/\/www.itzinya.com\/swe\/vaxa\/#primaryimage\"},\"image\":{\"@id\":\"https:\/\/www.itzinya.com\/swe\/vaxa\/#primaryimage\"},\"thumbnailUrl\":\"https:\/\/www.itzinya.com\/wp-content\/uploads\/sites\/13\/2020\/04\/iStock-671713212-1.jpg\",\"datePublished\":\"2020-03-02T12:37:47+00:00\",\"dateModified\":\"2020-10-06T08:34:49+00:00\",\"breadcrumb\":{\"@id\":\"https:\/\/www.itzinya.com\/swe\/vaxa\/#breadcrumb\"},\"inLanguage\":\"swe-SE\",\"potentialAction\":[{\"@type\":\"ReadAction\",\"target\":[\"https:\/\/www.itzinya.com\/swe\/vaxa\/\"]}]},{\"@type\":\"ImageObject\",\"inLanguage\":\"swe-SE\",\"@id\":\"https:\/\/www.itzinya.com\/swe\/vaxa\/#primaryimage\",\"url\":\"https:\/\/www.itzinya.com\/wp-content\/uploads\/sites\/13\/2020\/04\/iStock-671713212-1.jpg\",\"contentUrl\":\"https:\/\/www.itzinya.com\/wp-content\/uploads\/sites\/13\/2020\/04\/iStock-671713212-1.jpg\",\"width\":1881,\"height\":1080},{\"@type\":\"BreadcrumbList\",\"@id\":\"https:\/\/www.itzinya.com\/swe\/vaxa\/#breadcrumb\",\"itemListElement\":[{\"@type\":\"ListItem\",\"position\":1,\"name\":\"Home\",\"item\":\"https:\/\/www.itzinya.com\/swe\/\"},{\"@type\":\"ListItem\",\"position\":2,\"name\":\"V\u00c4XA\"}]},{\"@type\":\"WebSite\",\"@id\":\"https:\/\/www.itzinya.com\/#website\",\"url\":\"https:\/\/www.itzinya.com\/\",\"name\":\"Itzinya.com\",\"description\":\"StartUp Entrepreneurs\",\"publisher\":{\"@id\":\"https:\/\/www.itzinya.com\/#organization\"},\"potentialAction\":[{\"@type\":\"SearchAction\",\"target\":{\"@type\":\"EntryPoint\",\"urlTemplate\":\"https:\/\/www.itzinya.com\/?s={search_term_string}\"},\"query-input\":{\"@type\":\"PropertyValueSpecification\",\"valueRequired\":true,\"valueName\":\"search_term_string\"}}],\"inLanguage\":\"swe-SE\"},{\"@type\":\"Organization\",\"@id\":\"https:\/\/www.itzinya.com\/#organization\",\"name\":\"Itzinya.com\",\"url\":\"https:\/\/www.itzinya.com\/\",\"logo\":{\"@type\":\"ImageObject\",\"inLanguage\":\"swe-SE\",\"@id\":\"https:\/\/www.itzinya.com\/#\/schema\/logo\/image\/\",\"url\":\"https:\/\/www.itzinya.com\/wp-content\/uploads\/sites\/13\/2020\/05\/itzinya-logo-responsive-1.svg\",\"contentUrl\":\"https:\/\/www.itzinya.com\/wp-content\/uploads\/sites\/13\/2020\/05\/itzinya-logo-responsive-1.svg\",\"width\":313,\"height\":443,\"caption\":\"Itzinya.com\"},\"image\":{\"@id\":\"https:\/\/www.itzinya.com\/#\/schema\/logo\/image\/\"}}]}<\/script>\n<!-- \/ Yoast SEO plugin. -->","yoast_head_json":{"title":"V\u00c4XA - Itzinya.com","robots":{"index":"index","follow":"follow","max-snippet":"max-snippet:-1","max-image-preview":"max-image-preview:large","max-video-preview":"max-video-preview:-1"},"canonical":"https:\/\/www.itzinya.com\/swe\/vaxa\/","og_locale":"en_US","og_type":"article","og_title":"V\u00c4XA - Itzinya.com","og_description":"Ett f\u00f6retag st\u00e5r aldrig stilla\u2014Antingen r\u00f6r du dig fram\u00e5t, eller s\u00e5 g\u00e5r du per definition bak\u00e5t! Precis n\u00e4r du har b\u00f6rjat k\u00e4nna dig bekv\u00e4m i att du vet var du h\u00e5ller p\u00e5 med, du levererar till n\u00f6jda kunder och du \u00e4r l\u00f6nsam \u2013 d\u00e5 \u00e4r det dags att ta nya os\u00e4kra steg i utvecklingen. Marknaden [...]Read More...","og_url":"https:\/\/www.itzinya.com\/swe\/vaxa\/","og_site_name":"Itzinya.com","article_modified_time":"2020-10-06T08:34:49+00:00","og_image":[{"width":1881,"height":1080,"url":"https:\/\/www.itzinya.com\/wp-content\/uploads\/sites\/13\/2020\/04\/iStock-671713212-1.jpg","type":"image\/jpeg"}],"twitter_card":"summary_large_image","twitter_misc":{"Est. reading time":"2 minutes"},"schema":{"@context":"https:\/\/schema.org","@graph":[{"@type":"WebPage","@id":"https:\/\/www.itzinya.com\/swe\/vaxa\/","url":"https:\/\/www.itzinya.com\/swe\/vaxa\/","name":"V\u00c4XA - Itzinya.com","isPartOf":{"@id":"https:\/\/www.itzinya.com\/#website"},"primaryImageOfPage":{"@id":"https:\/\/www.itzinya.com\/swe\/vaxa\/#primaryimage"},"image":{"@id":"https:\/\/www.itzinya.com\/swe\/vaxa\/#primaryimage"},"thumbnailUrl":"https:\/\/www.itzinya.com\/wp-content\/uploads\/sites\/13\/2020\/04\/iStock-671713212-1.jpg","datePublished":"2020-03-02T12:37:47+00:00","dateModified":"2020-10-06T08:34:49+00:00","breadcrumb":{"@id":"https:\/\/www.itzinya.com\/swe\/vaxa\/#breadcrumb"},"inLanguage":"swe-SE","potentialAction":[{"@type":"ReadAction","target":["https:\/\/www.itzinya.com\/swe\/vaxa\/"]}]},{"@type":"ImageObject","inLanguage":"swe-SE","@id":"https:\/\/www.itzinya.com\/swe\/vaxa\/#primaryimage","url":"https:\/\/www.itzinya.com\/wp-content\/uploads\/sites\/13\/2020\/04\/iStock-671713212-1.jpg","contentUrl":"https:\/\/www.itzinya.com\/wp-content\/uploads\/sites\/13\/2020\/04\/iStock-671713212-1.jpg","width":1881,"height":1080},{"@type":"BreadcrumbList","@id":"https:\/\/www.itzinya.com\/swe\/vaxa\/#breadcrumb","itemListElement":[{"@type":"ListItem","position":1,"name":"Home","item":"https:\/\/www.itzinya.com\/swe\/"},{"@type":"ListItem","position":2,"name":"V\u00c4XA"}]},{"@type":"WebSite","@id":"https:\/\/www.itzinya.com\/#website","url":"https:\/\/www.itzinya.com\/","name":"Itzinya.com","description":"StartUp Entrepreneurs","publisher":{"@id":"https:\/\/www.itzinya.com\/#organization"},"potentialAction":[{"@type":"SearchAction","target":{"@type":"EntryPoint","urlTemplate":"https:\/\/www.itzinya.com\/?s={search_term_string}"},"query-input":{"@type":"PropertyValueSpecification","valueRequired":true,"valueName":"search_term_string"}}],"inLanguage":"swe-SE"},{"@type":"Organization","@id":"https:\/\/www.itzinya.com\/#organization","name":"Itzinya.com","url":"https:\/\/www.itzinya.com\/","logo":{"@type":"ImageObject","inLanguage":"swe-SE","@id":"https:\/\/www.itzinya.com\/#\/schema\/logo\/image\/","url":"https:\/\/www.itzinya.com\/wp-content\/uploads\/sites\/13\/2020\/05\/itzinya-logo-responsive-1.svg","contentUrl":"https:\/\/www.itzinya.com\/wp-content\/uploads\/sites\/13\/2020\/05\/itzinya-logo-responsive-1.svg","width":313,"height":443,"caption":"Itzinya.com"},"image":{"@id":"https:\/\/www.itzinya.com\/#\/schema\/logo\/image\/"}}]}},"_links":{"self":[{"href":"https:\/\/www.itzinya.com\/swe\/wp-json\/wp\/v2\/pages\/459","targetHints":{"allow":["GET"]}}],"collection":[{"href":"https:\/\/www.itzinya.com\/swe\/wp-json\/wp\/v2\/pages"}],"about":[{"href":"https:\/\/www.itzinya.com\/swe\/wp-json\/wp\/v2\/types\/page"}],"author":[{"embeddable":true,"href":"https:\/\/www.itzinya.com\/swe\/wp-json\/wp\/v2\/users\/1"}],"replies":[{"embeddable":true,"href":"https:\/\/www.itzinya.com\/swe\/wp-json\/wp\/v2\/comments?post=459"}],"version-history":[{"count":5,"href":"https:\/\/www.itzinya.com\/swe\/wp-json\/wp\/v2\/pages\/459\/revisions"}],"predecessor-version":[{"id":880,"href":"https:\/\/www.itzinya.com\/swe\/wp-json\/wp\/v2\/pages\/459\/revisions\/880"}],"wp:featuredmedia":[{"embeddable":true,"href":"https:\/\/www.itzinya.com\/swe\/wp-json\/wp\/v2\/media\/661"}],"wp:attachment":[{"href":"https:\/\/www.itzinya.com\/swe\/wp-json\/wp\/v2\/media?parent=459"}],"curies":[{"name":"wp","href":"https:\/\/api.w.org\/{rel}","templated":true}]}}