{"id":445,"date":"2020-02-26T04:04:46","date_gmt":"2020-02-26T04:04:46","guid":{"rendered":"https:\/\/www.itzinya.org\/itzinya\/certification\/"},"modified":"2020-04-23T10:13:12","modified_gmt":"2020-04-23T10:13:12","slug":"certification","status":"publish","type":"page","link":"https:\/\/www.itzinya.com\/swe\/certification\/","title":{"rendered":"CERTIFIERING"},"content":{"rendered":"\n<blockquote class=\"wp-block-quote is-layout-flow wp-block-quote-is-layout-flow\"><p>Certifiering och licens \u2014F\u00e5 tillg\u00e5ng att anv\u00e4nda alla verktygen med alla dina klienter <\/p><\/blockquote>\n\n\n\n<p>N\u00e4r du blir en GrowthWheel-certifierad R\u00e5dgivare\u2122 eller GrowthWheel-certifierad Utbildare\u2122 s\u00e5 f\u00e5r du en personlig licens att anv\u00e4nda verktygen i utbildning eller r\u00e5dgivning av varje entrepren\u00f6r som du arbetar med personligen. Du f\u00e5r ocks\u00e5 tillg\u00e5ng till GrowthWheel Online.<\/p>\n\n\n\n<blockquote class=\"wp-block-quote is-layout-flow wp-block-quote-is-layout-flow\"><p>GrowthWheel tr\u00e4ning &amp; certifiering \u2014P\u00e5 plats eller online. Ett 360\u00b0 perspektiv.<\/p><\/blockquote>\n\n\n\n<p>F\u00f6r att bli certifierad deltar du i en GrowthWheel tr\u00e4ning &amp; certifiering. Certifikaten tillhandah\u00e5lls av GrowthWheel medan tr\u00e4ningen i Sverige utf\u00f6rs av Itzinya AB.<\/p>\n\n\n\n<p>Om du v\u00e4ljer att delta i en lokal kurs s\u00e5 tar den tv\u00e5 dagar och h\u00e5lls regelbundet p\u00e5 olika platser i landet eller i v\u00e4rlden. Skriv till oss om att ha en kurs i din stad eller i din organisation.<\/p>\n\n\n\n<p>Bli certifierad n\u00e4r du vill genom GrowthWheels online-akademi.P\u00e5 samma s\u00e4tt som i de lokala kurserna blir du introducerad till alla GrowthWheel-verktyg med deras online moduler. Du kan g\u00e5 genom modulerna i din egen takt och vi finns d\u00e4r f\u00f6r att svara p\u00e5 dina fr\u00e5gor. Online-akademin \u00e4r p\u00e5 engelska.<\/p>\n\n\n\n<blockquote class=\"wp-block-quote is-layout-flow wp-block-quote-is-layout-flow\"><p>Licenspaketet \u2014Onlinetillg\u00e5ng. Kvartalsvis uppdateringar. Obegr\u00e4nsad anv\u00e4ndning <\/p><\/blockquote>\n\n\n\n<p>En licens hos GrowthWheel inkluderar f\u00f6ljande r\u00e4ttigheter och tj\u00e4nster:<\/p>\n\n\n\n<ul class=\"wp-block-list\"><li>Online tillg\u00e5ng till alla GrowthWheel-verktyg i papperskopia och i editerbara PDF-filer.<\/li><\/ul>\n\n\n\n<ul class=\"wp-block-list\"><li>Kvartalsvis uppdateringar med nya och uppdaterade verktyg baserade p\u00e5 f\u00f6rslag till \u00e4ndringar och till\u00e4gg.<\/li><\/ul>\n\n\n\n<ul class=\"wp-block-list\"><li>R\u00e4ttigheter till obegr\u00e4nsad tillg\u00e5ng till nedladdning och delning med klienter av alla verktyg p\u00e5 plattformen s\u00e5v\u00e4l som att ge ett konto till GrowthWheel Online f\u00f6r alla klienter eller studenter som du personligen arbetar med.<\/li><\/ul>\n\n\n\n<ul class=\"wp-block-list\"><li>M\u00e5natliga \u201dOnTrack\u201d webinarer p\u00e5 engelska som ger ytterligare professionell utveckling.<\/li><\/ul>\n\n\n\n<ul class=\"wp-block-list\"><li>Gratis och frivillig \u00e5tercertifiering <\/li><\/ul>\n\n\n\n<ul class=\"wp-block-list\"><li>Allt kursinneh\u00e5ll som \u00e4r tillg\u00e4ngligt p\u00e5 GrowthWheel eAcademy onlineplattformen.<\/li><\/ul>\n\n\n\n<blockquote class=\"wp-block-quote is-layout-flow wp-block-quote-is-layout-flow\"><p>Paketpriser och avkastning p\u00e5 investeringen \u2014Allt till priset av en textbook per entrepren\u00f6r<\/p><\/blockquote>\n\n\n\n<p>Kostnaden att bli en certifierad och licensierad GrowthWheel anv\u00e4ndare delas upp p\u00e5 en kursavgift f\u00f6r tr\u00e4ning och certifiering och en \u00e5rlig licenskostnad per individ.<\/p>\n\n\n\n<p>Itzinya AB erbjuder olika paketpriser f\u00f6r aff\u00e4rsr\u00e5dgivare, utbildare, och mentorer, men alla paket blir I slut\u00e4nden ungef\u00e4r som priset p\u00e5 en textbook per entrepren\u00f6r beronede p\u00e5 hur manga du arbetar med.<\/p>\n\n\n\n<p>F\u00f6r en del licenstagare erbjuder GrowthWheel nya int\u00e4ktstr\u00f6mmar f\u00f6r att avgifter l\u00e4ggs p\u00e5 slutanv\u00e4ndarna, eller d\u00e4rf\u00f6r att sponsorer attraheras av de p\u00e5tagliga f\u00f6rdelarna GrowthWheel erbjuder.<\/p>\n","protected":false},"excerpt":{"rendered":"<p>Certifiering och licens \u2014F\u00e5 tillg\u00e5ng att anv\u00e4nda alla verktygen med alla dina klienter N\u00e4r du blir en GrowthWheel-certifierad R\u00e5dgivare\u2122 eller GrowthWheel-certifierad Utbildare\u2122 s\u00e5 f\u00e5r du en personlig licens att anv\u00e4nda verktygen i utbildning eller r\u00e5dgivning av varje entrepren\u00f6r som du arbetar med personligen. Du f\u00e5r ocks\u00e5 tillg\u00e5ng till GrowthWheel Online. GrowthWheel tr\u00e4ning &amp; certifiering \u2014P\u00e5 [&#8230;]<\/p>\n<p><a class=\"btn btn-secondary seadev-read-more-link\" href=\"https:\/\/www.itzinya.com\/swe\/certification\/\">Read More&#8230;<\/a><\/p>\n","protected":false},"author":1,"featured_media":643,"parent":0,"menu_order":0,"comment_status":"closed","ping_status":"closed","template":"","meta":{"_acf_changed":false,"inline_featured_image":false,"footnotes":""},"class_list":["post-445","page","type-page","status-publish","has-post-thumbnail","hentry"],"acf":[],"yoast_head":"<!-- This site is optimized with the Yoast SEO plugin v25.9 - https:\/\/yoast.com\/wordpress\/plugins\/seo\/ -->\n<title>CERTIFIERING - Itzinya.com<\/title>\n<meta name=\"robots\" content=\"index, follow, max-snippet:-1, max-image-preview:large, max-video-preview:-1\" \/>\n<link rel=\"canonical\" href=\"https:\/\/www.itzinya.com\/swe\/certification\/\" \/>\n<meta property=\"og:locale\" content=\"en_US\" \/>\n<meta property=\"og:type\" content=\"article\" \/>\n<meta property=\"og:title\" content=\"CERTIFIERING - Itzinya.com\" \/>\n<meta property=\"og:description\" content=\"Certifiering och licens \u2014F\u00e5 tillg\u00e5ng att anv\u00e4nda alla verktygen med alla dina klienter N\u00e4r du blir en GrowthWheel-certifierad R\u00e5dgivare\u2122 eller GrowthWheel-certifierad Utbildare\u2122 s\u00e5 f\u00e5r du en personlig licens att anv\u00e4nda verktygen i utbildning eller r\u00e5dgivning av varje entrepren\u00f6r som du arbetar med personligen. Du f\u00e5r ocks\u00e5 tillg\u00e5ng till GrowthWheel Online. GrowthWheel tr\u00e4ning &amp; certifiering \u2014P\u00e5 [...]Read More...\" \/>\n<meta property=\"og:url\" content=\"https:\/\/www.itzinya.com\/swe\/certification\/\" \/>\n<meta property=\"og:site_name\" content=\"Itzinya.com\" \/>\n<meta property=\"article:modified_time\" content=\"2020-04-23T10:13:12+00:00\" \/>\n<meta property=\"og:image\" content=\"https:\/\/www.itzinya.com\/wp-content\/uploads\/sites\/13\/2020\/04\/9-Get-Certified-1.jpg\" \/>\n\t<meta property=\"og:image:width\" content=\"1621\" \/>\n\t<meta property=\"og:image:height\" content=\"1080\" \/>\n\t<meta property=\"og:image:type\" content=\"image\/jpeg\" \/>\n<meta name=\"twitter:card\" content=\"summary_large_image\" \/>\n<meta name=\"twitter:label1\" content=\"Est. reading time\" \/>\n\t<meta name=\"twitter:data1\" content=\"2 minutes\" \/>\n<script type=\"application\/ld+json\" class=\"yoast-schema-graph\">{\"@context\":\"https:\/\/schema.org\",\"@graph\":[{\"@type\":\"WebPage\",\"@id\":\"https:\/\/www.itzinya.com\/swe\/certification\/\",\"url\":\"https:\/\/www.itzinya.com\/swe\/certification\/\",\"name\":\"CERTIFIERING - Itzinya.com\",\"isPartOf\":{\"@id\":\"https:\/\/www.itzinya.com\/#website\"},\"primaryImageOfPage\":{\"@id\":\"https:\/\/www.itzinya.com\/swe\/certification\/#primaryimage\"},\"image\":{\"@id\":\"https:\/\/www.itzinya.com\/swe\/certification\/#primaryimage\"},\"thumbnailUrl\":\"https:\/\/www.itzinya.com\/wp-content\/uploads\/sites\/13\/2020\/04\/9-Get-Certified-1.jpg\",\"datePublished\":\"2020-02-26T04:04:46+00:00\",\"dateModified\":\"2020-04-23T10:13:12+00:00\",\"breadcrumb\":{\"@id\":\"https:\/\/www.itzinya.com\/swe\/certification\/#breadcrumb\"},\"inLanguage\":\"swe-SE\",\"potentialAction\":[{\"@type\":\"ReadAction\",\"target\":[\"https:\/\/www.itzinya.com\/swe\/certification\/\"]}]},{\"@type\":\"ImageObject\",\"inLanguage\":\"swe-SE\",\"@id\":\"https:\/\/www.itzinya.com\/swe\/certification\/#primaryimage\",\"url\":\"https:\/\/www.itzinya.com\/wp-content\/uploads\/sites\/13\/2020\/04\/9-Get-Certified-1.jpg\",\"contentUrl\":\"https:\/\/www.itzinya.com\/wp-content\/uploads\/sites\/13\/2020\/04\/9-Get-Certified-1.jpg\",\"width\":1621,\"height\":1080},{\"@type\":\"BreadcrumbList\",\"@id\":\"https:\/\/www.itzinya.com\/swe\/certification\/#breadcrumb\",\"itemListElement\":[{\"@type\":\"ListItem\",\"position\":1,\"name\":\"Home\",\"item\":\"https:\/\/www.itzinya.com\/swe\/\"},{\"@type\":\"ListItem\",\"position\":2,\"name\":\"CERTIFIERING\"}]},{\"@type\":\"WebSite\",\"@id\":\"https:\/\/www.itzinya.com\/#website\",\"url\":\"https:\/\/www.itzinya.com\/\",\"name\":\"Itzinya.com\",\"description\":\"StartUp Entrepreneurs\",\"publisher\":{\"@id\":\"https:\/\/www.itzinya.com\/#organization\"},\"potentialAction\":[{\"@type\":\"SearchAction\",\"target\":{\"@type\":\"EntryPoint\",\"urlTemplate\":\"https:\/\/www.itzinya.com\/?s={search_term_string}\"},\"query-input\":{\"@type\":\"PropertyValueSpecification\",\"valueRequired\":true,\"valueName\":\"search_term_string\"}}],\"inLanguage\":\"swe-SE\"},{\"@type\":\"Organization\",\"@id\":\"https:\/\/www.itzinya.com\/#organization\",\"name\":\"Itzinya.com\",\"url\":\"https:\/\/www.itzinya.com\/\",\"logo\":{\"@type\":\"ImageObject\",\"inLanguage\":\"swe-SE\",\"@id\":\"https:\/\/www.itzinya.com\/#\/schema\/logo\/image\/\",\"url\":\"https:\/\/www.itzinya.com\/wp-content\/uploads\/sites\/13\/2020\/05\/itzinya-logo-responsive-1.svg\",\"contentUrl\":\"https:\/\/www.itzinya.com\/wp-content\/uploads\/sites\/13\/2020\/05\/itzinya-logo-responsive-1.svg\",\"width\":313,\"height\":443,\"caption\":\"Itzinya.com\"},\"image\":{\"@id\":\"https:\/\/www.itzinya.com\/#\/schema\/logo\/image\/\"}}]}<\/script>\n<!-- \/ Yoast SEO plugin. -->","yoast_head_json":{"title":"CERTIFIERING - Itzinya.com","robots":{"index":"index","follow":"follow","max-snippet":"max-snippet:-1","max-image-preview":"max-image-preview:large","max-video-preview":"max-video-preview:-1"},"canonical":"https:\/\/www.itzinya.com\/swe\/certification\/","og_locale":"en_US","og_type":"article","og_title":"CERTIFIERING - Itzinya.com","og_description":"Certifiering och licens \u2014F\u00e5 tillg\u00e5ng att anv\u00e4nda alla verktygen med alla dina klienter N\u00e4r du blir en GrowthWheel-certifierad R\u00e5dgivare\u2122 eller GrowthWheel-certifierad Utbildare\u2122 s\u00e5 f\u00e5r du en personlig licens att anv\u00e4nda verktygen i utbildning eller r\u00e5dgivning av varje entrepren\u00f6r som du arbetar med personligen. Du f\u00e5r ocks\u00e5 tillg\u00e5ng till GrowthWheel Online. GrowthWheel tr\u00e4ning &amp; certifiering \u2014P\u00e5 [...]Read More...","og_url":"https:\/\/www.itzinya.com\/swe\/certification\/","og_site_name":"Itzinya.com","article_modified_time":"2020-04-23T10:13:12+00:00","og_image":[{"width":1621,"height":1080,"url":"https:\/\/www.itzinya.com\/wp-content\/uploads\/sites\/13\/2020\/04\/9-Get-Certified-1.jpg","type":"image\/jpeg"}],"twitter_card":"summary_large_image","twitter_misc":{"Est. reading time":"2 minutes"},"schema":{"@context":"https:\/\/schema.org","@graph":[{"@type":"WebPage","@id":"https:\/\/www.itzinya.com\/swe\/certification\/","url":"https:\/\/www.itzinya.com\/swe\/certification\/","name":"CERTIFIERING - Itzinya.com","isPartOf":{"@id":"https:\/\/www.itzinya.com\/#website"},"primaryImageOfPage":{"@id":"https:\/\/www.itzinya.com\/swe\/certification\/#primaryimage"},"image":{"@id":"https:\/\/www.itzinya.com\/swe\/certification\/#primaryimage"},"thumbnailUrl":"https:\/\/www.itzinya.com\/wp-content\/uploads\/sites\/13\/2020\/04\/9-Get-Certified-1.jpg","datePublished":"2020-02-26T04:04:46+00:00","dateModified":"2020-04-23T10:13:12+00:00","breadcrumb":{"@id":"https:\/\/www.itzinya.com\/swe\/certification\/#breadcrumb"},"inLanguage":"swe-SE","potentialAction":[{"@type":"ReadAction","target":["https:\/\/www.itzinya.com\/swe\/certification\/"]}]},{"@type":"ImageObject","inLanguage":"swe-SE","@id":"https:\/\/www.itzinya.com\/swe\/certification\/#primaryimage","url":"https:\/\/www.itzinya.com\/wp-content\/uploads\/sites\/13\/2020\/04\/9-Get-Certified-1.jpg","contentUrl":"https:\/\/www.itzinya.com\/wp-content\/uploads\/sites\/13\/2020\/04\/9-Get-Certified-1.jpg","width":1621,"height":1080},{"@type":"BreadcrumbList","@id":"https:\/\/www.itzinya.com\/swe\/certification\/#breadcrumb","itemListElement":[{"@type":"ListItem","position":1,"name":"Home","item":"https:\/\/www.itzinya.com\/swe\/"},{"@type":"ListItem","position":2,"name":"CERTIFIERING"}]},{"@type":"WebSite","@id":"https:\/\/www.itzinya.com\/#website","url":"https:\/\/www.itzinya.com\/","name":"Itzinya.com","description":"StartUp Entrepreneurs","publisher":{"@id":"https:\/\/www.itzinya.com\/#organization"},"potentialAction":[{"@type":"SearchAction","target":{"@type":"EntryPoint","urlTemplate":"https:\/\/www.itzinya.com\/?s={search_term_string}"},"query-input":{"@type":"PropertyValueSpecification","valueRequired":true,"valueName":"search_term_string"}}],"inLanguage":"swe-SE"},{"@type":"Organization","@id":"https:\/\/www.itzinya.com\/#organization","name":"Itzinya.com","url":"https:\/\/www.itzinya.com\/","logo":{"@type":"ImageObject","inLanguage":"swe-SE","@id":"https:\/\/www.itzinya.com\/#\/schema\/logo\/image\/","url":"https:\/\/www.itzinya.com\/wp-content\/uploads\/sites\/13\/2020\/05\/itzinya-logo-responsive-1.svg","contentUrl":"https:\/\/www.itzinya.com\/wp-content\/uploads\/sites\/13\/2020\/05\/itzinya-logo-responsive-1.svg","width":313,"height":443,"caption":"Itzinya.com"},"image":{"@id":"https:\/\/www.itzinya.com\/#\/schema\/logo\/image\/"}}]}},"_links":{"self":[{"href":"https:\/\/www.itzinya.com\/swe\/wp-json\/wp\/v2\/pages\/445","targetHints":{"allow":["GET"]}}],"collection":[{"href":"https:\/\/www.itzinya.com\/swe\/wp-json\/wp\/v2\/pages"}],"about":[{"href":"https:\/\/www.itzinya.com\/swe\/wp-json\/wp\/v2\/types\/page"}],"author":[{"embeddable":true,"href":"https:\/\/www.itzinya.com\/swe\/wp-json\/wp\/v2\/users\/1"}],"replies":[{"embeddable":true,"href":"https:\/\/www.itzinya.com\/swe\/wp-json\/wp\/v2\/comments?post=445"}],"version-history":[{"count":1,"href":"https:\/\/www.itzinya.com\/swe\/wp-json\/wp\/v2\/pages\/445\/revisions"}],"predecessor-version":[{"id":446,"href":"https:\/\/www.itzinya.com\/swe\/wp-json\/wp\/v2\/pages\/445\/revisions\/446"}],"wp:featuredmedia":[{"embeddable":true,"href":"https:\/\/www.itzinya.com\/swe\/wp-json\/wp\/v2\/media\/643"}],"wp:attachment":[{"href":"https:\/\/www.itzinya.com\/swe\/wp-json\/wp\/v2\/media?parent=445"}],"curies":[{"name":"wp","href":"https:\/\/api.w.org\/{rel}","templated":true}]}}