{"id":433,"date":"2020-02-26T08:40:25","date_gmt":"2020-02-26T08:40:25","guid":{"rendered":"https:\/\/www.itzinya.org\/itzinya\/accelerators\/"},"modified":"2020-05-11T04:09:59","modified_gmt":"2020-05-11T04:09:59","slug":"accelerators","status":"publish","type":"page","link":"https:\/\/www.itzinya.com\/swe\/accelerators\/","title":{"rendered":"ACCELERATORER"},"content":{"rendered":"\n<blockquote class=\"wp-block-quote is-layout-flow wp-block-quote-is-layout-flow\"><p>GrowthWheel f\u00f6r Acceleratorer: <br>\u2014G\u00f6r jobbet med era f\u00f6retag med visuella verktyg p\u00e5 markniv\u00e5 och en perfekt mjukvaruplattform i molnet <\/p><\/blockquote>\n\n\n\n<p><strong>F\u00f6r era 6-12-veckors accelerationsprogram kommer GrowthWheels SaaS-plattform vara det CRM-system ni \u00f6nskat att era deltagare utvecklat!<\/strong> <br>GrowthWheel \u00e4r mer \u00e4n ett CRM-system d\u00e5 det \u00e4r en samarbetsplattform som delas av er och era f\u00f6retag. Det kommer att st\u00f6dja hela arbetsfl\u00f6det fr\u00e5n onboarding till examen. <\/p>\n\n\n\n<figure class=\"wp-block-image size-large full-img\"><img decoding=\"async\" width=\"958\" height=\"270\" src=\"https:\/\/www.itzinya.com\/wp-content\/uploads\/sites\/13\/2020\/05\/accelerators-01-swe.jpg\" alt=\"accelerators-01-swe\" class=\"wp-image-782\" srcset=\"https:\/\/www.itzinya.com\/wp-content\/uploads\/sites\/13\/2020\/05\/accelerators-01-swe.jpg 958w, https:\/\/www.itzinya.com\/wp-content\/uploads\/sites\/13\/2020\/05\/accelerators-01-swe-300x85.jpg 300w, https:\/\/www.itzinya.com\/wp-content\/uploads\/sites\/13\/2020\/05\/accelerators-01-swe-768x216.jpg 768w\" sizes=\"(max-width: 958px) 100vw, 958px\" \/><\/figure>\n\n\n\n<p>GrowthWheel Online \u00e4r ocks\u00e5 en platform d\u00e4r ni kan bjuda in andra r\u00e5dgivare, mentorer, eller investorer s\u00e5 ni kan arbeta tillsammans p\u00e5 att st\u00f6dja era f\u00f6retag n\u00e4r de mejslar fram sina v\u00e4rdeerbjudanden och investor-pitchar. <\/p>\n\n\n\n<figure class=\"wp-block-image size-large full-img\"><img decoding=\"async\" width=\"750\" height=\"563\" src=\"https:\/\/www.itzinya.com\/wp-content\/uploads\/sites\/13\/2020\/02\/acc2.jpg\" alt=\"acc2\" class=\"wp-image-437\" srcset=\"https:\/\/www.itzinya.com\/wp-content\/uploads\/sites\/13\/2020\/02\/acc2.jpg 750w, https:\/\/www.itzinya.com\/wp-content\/uploads\/sites\/13\/2020\/02\/acc2-300x225.jpg 300w\" sizes=\"(max-width: 750px) 100vw, 750px\" \/><\/figure>\n\n\n\n<p> Exempel p\u00e5 en mentorprofil p\u00e5 GrowthWheel Online <br>GrowthWheel \u00e4r ocks\u00e5 en verktygsl\u00e5da med mer \u00e4n 100 visuella verktyg f\u00f6r beslutsfattning som ni kan dela med era f\u00f6retag genom plattformen tillsammans med era egna anpassade verktyg, s\u00e5som det h\u00e4r enkla verktyget som underlag f\u00f6r ett samtal om v\u00e4rdeerbjudande: <\/p>\n\n\n\n<figure class=\"wp-block-image size-large full-img\"><img decoding=\"async\" width=\"750\" height=\"567\" src=\"https:\/\/www.itzinya.com\/wp-content\/uploads\/sites\/13\/2020\/02\/acc3.jpg\" alt=\"acc3\" class=\"wp-image-438\" srcset=\"https:\/\/www.itzinya.com\/wp-content\/uploads\/sites\/13\/2020\/02\/acc3.jpg 750w, https:\/\/www.itzinya.com\/wp-content\/uploads\/sites\/13\/2020\/02\/acc3-300x227.jpg 300w\" sizes=\"(max-width: 750px) 100vw, 750px\" \/><\/figure>\n\n\n\n<p> P\u00e5 tal om v\u00e4rdeerbjudande s\u00e5 \u00e4r det h\u00e4r s\u00e4tt vi kan st\u00f6dja s\u00e5 jobbet fungerar i en accelerator\u2026 <\/p>\n\n\n<section id='block_5e59f106d8eb9' class='page-section seadev-block  seadev-default seadev-default-text-image' style=''>    \t        <div class=\"row section-inner align-items-center layout-col-4-8\">\n                            <div class=\"col-lg-4\">\n                    <div class=\"image-holder\">\n                        <img decoding=\"async\" src=\"https:\/\/www.itzinya.com\/wp-content\/uploads\/sites\/13\/2020\/04\/acc4-1.jpg\" alt=\"acc4\">\n                    <\/div>\n                <\/div>\n                \n                                <div class=\"col-lg-8\">\n                    <div class=\"text-holder\">\n                        \n                                                    <div class=\"text-description\"><p><strong>Acceleratorns uppdrag:<\/strong><br \/>\nF\u00f6r alla acceleratorprogram eller r\u00e5dgivningsprocesser \u00e4r en nyckel till framg\u00e5ng att man attraherar och v\u00e4ljer r\u00e4tt deltagare.<\/p>\n<p><strong>GrowthWheels v\u00e4rde:<\/strong><br \/>\nGrowthWheel har online funktioner som st\u00f6djer insamling och underh\u00e5ll av aff\u00e4rsrelaterade fakta om deltagarna s\u00e5 ni kan v\u00e4lja vem som h\u00f6r hemma och inte i programmet.<\/p>\n<\/div>\n                                            <\/div>\n                <\/div>\n                        <\/div>\n\n\t        <div class=\"row section-inner align-items-center layout-col-4-8\">\n                            <div class=\"col-lg-4\">\n                    <div class=\"image-holder\">\n                        <img decoding=\"async\" src=\"https:\/\/www.itzinya.com\/wp-content\/uploads\/sites\/13\/2020\/04\/acc5-1.jpg\" alt=\"acc5\">\n                    <\/div>\n                <\/div>\n                \n                                <div class=\"col-lg-8\">\n                    <div class=\"text-holder\">\n                        \n                                                    <div class=\"text-description\"><p><strong>Acceleratorns uppdrag:<\/strong><br \/>\nArbetet med varje programdeltagare b\u00f6rjar med att man g\u00f6r en skattning av aff\u00e4rsbehov och m\u00f6jligheter f\u00f6r att bed\u00f6ma arbetet man har framf\u00f6r sig.<\/p>\n<p><strong>GrowthWheels v\u00e4rde:<\/strong><br \/>\nGrowthWheel har verktyg f\u00f6r att g\u00f6ra olika 360\u00b0-skattningar och beredskapsskattningar som kan anv\u00e4ndas av b\u00e5de f\u00f6retagen och r\u00e5dgivarna.<\/p>\n<\/div>\n                                            <\/div>\n                <\/div>\n                        <\/div>\n\n\t        <div class=\"row section-inner align-items-center layout-col-4-8\">\n                            <div class=\"col-lg-4\">\n                    <div class=\"image-holder\">\n                        <img decoding=\"async\" src=\"https:\/\/www.itzinya.com\/wp-content\/uploads\/sites\/13\/2020\/04\/acc6-1.jpg\" alt=\"acc6\">\n                    <\/div>\n                <\/div>\n                \n                                <div class=\"col-lg-8\">\n                    <div class=\"text-holder\">\n                        \n                                                    <div class=\"text-description\"><p><strong>Acceleratorns uppdrag:<\/strong><br \/>\nAlla programdeltagare har individuella behov beroende p\u00e5 livsstadie, industri, storlek eller beroende p\u00e5 entrepren\u00f6rens personlighet.<\/p>\n<p><strong>GrowthWheels v\u00e4rde:<\/strong><br \/>\nGrowthWheel har fler \u00e4n 100 verktyg som kan blandas med r\u00e5dgivarens egna verktyg f\u00f6r att ge varje f\u00f6retag ett anpassat paket.<\/p>\n<\/div>\n                                            <\/div>\n                <\/div>\n                        <\/div>\n\n\t        <div class=\"row section-inner align-items-center layout-col-4-8\">\n                            <div class=\"col-lg-4\">\n                    <div class=\"image-holder\">\n                        <img decoding=\"async\" src=\"https:\/\/www.itzinya.com\/wp-content\/uploads\/sites\/13\/2020\/04\/acc7-1.jpg\" alt=\"acc7\">\n                    <\/div>\n                <\/div>\n                \n                                <div class=\"col-lg-8\">\n                    <div class=\"text-holder\">\n                        \n                                                    <div class=\"text-description\"><p><strong>Acceleratorns uppdrag:<\/strong><br \/>\nS\u00e4ttet att f\u00e5 f\u00f6retagen redo f\u00f6r pitchning och investering \u00e4r att de handlar p\u00e5 de planer de myntat genom programmet.<\/p>\n<p><strong>GrowthWheels v\u00e4rde:<\/strong><br \/>\nP\u00e5 GrowthWheel Online kan r\u00e5dgivare och deltagare g\u00f6ra handlingsplaner.<\/p>\n<\/div>\n                                            <\/div>\n                <\/div>\n                        <\/div>\n\n\t        <div class=\"row section-inner align-items-center layout-col-4-8\">\n                            <div class=\"col-lg-4\">\n                    <div class=\"image-holder\">\n                        <img decoding=\"async\" src=\"https:\/\/www.itzinya.com\/wp-content\/uploads\/sites\/13\/2020\/04\/acc8-1.jpg\" alt=\"acc8\">\n                    <\/div>\n                <\/div>\n                \n                                <div class=\"col-lg-8\">\n                    <div class=\"text-holder\">\n                        \n                                                    <div class=\"text-description\"><p><strong>Acceleratorns uppdrag:<\/strong><br \/>\nProgramledare, r\u00e5dgivare och investerare beh\u00f6ver h\u00e5lla reda p\u00e5 b\u00e5de deltagarnas och sin egen prestanda.<\/p>\n<p><strong>GrowthWheels v\u00e4rde:<\/strong><br \/>\nDen molnbaserade GrowthWheel-plattformen har inbyggda visuella analyser f\u00f6r varje enskilt f\u00f6retag och aggregerade analyser f\u00f6r alla f\u00f6retag i ett n\u00e4tverk.<\/p>\n<\/div>\n                                            <\/div>\n                <\/div>\n                        <\/div>\n\n\t\n<\/section>\n\n\n<div class=\"wp-block-image full-img\"><figure class=\"aligncenter size-large\"><img decoding=\"async\" width=\"750\" height=\"89\" src=\"https:\/\/www.itzinya.com\/wp-content\/uploads\/sites\/13\/2020\/04\/acc9.jpg\" alt=\"acc9\" class=\"wp-image-599\" srcset=\"https:\/\/www.itzinya.com\/wp-content\/uploads\/sites\/13\/2020\/04\/acc9.jpg 750w, https:\/\/www.itzinya.com\/wp-content\/uploads\/sites\/13\/2020\/04\/acc9-300x36.jpg 300w\" sizes=\"(max-width: 750px) 100vw, 750px\" \/><\/figure><\/div>\n\n\n\n<p style=\"color:#abaaaa\" class=\"has-text-color pb-0\"><strong>Acceleratorns uppdrag:<\/strong> <\/p>\n\n\n\n<p class=\"pt-0\">F\u00f6r aff\u00e4rsr\u00e5dgivare som arbetar med m\u00e5nga klienter finns det behov av att kunna f\u00f6lja utvecklingen och kommunikationen genom hela programmet.<\/p>\n\n\n\n<p style=\"color:#abaaaa\" class=\"has-text-color pb-0\"><strong>GrowthWheels v\u00e4rde:<\/strong> <\/p>\n\n\n\n<p class=\"pt-0\">GrowthWheels aff\u00e4rsr\u00e5dgivningssystem inkluderar ett CRM-system specialbyggt f\u00f6r acceleratorprogram och deras deltagare.<\/p>\n\n\n\n<blockquote class=\"wp-block-quote is-layout-flow wp-block-quote-is-layout-flow\"><p>Anpassa GrowthWheel till ert program <\/p><\/blockquote>\n\n\n\n<p>Ett acceleratorprogram kan helt anpassa anv\u00e4ndningen av GrowthWheel-verktygen till programmet. Verktyg fr\u00e5n GrowthWheels 20 fokusomr\u00e5den kan blandas med andra verktyg f\u00f6r att t\u00e4cka behov i programmet och f\u00f6r de individuella deltagarna s\u00e5 bra som m\u00f6jligt.<\/p>\n\n\n\n<figure class=\"wp-block-image size-large\"><img decoding=\"async\" width=\"1024\" height=\"468\" src=\"https:\/\/www.itzinya.com\/wp-content\/uploads\/sites\/13\/2020\/05\/GrowthWheel_Text_Rectangular_SWE-1024x468.jpg\" alt=\"GrowthWheel_Text_Rectangular_SWE\" class=\"wp-image-784\" srcset=\"https:\/\/www.itzinya.com\/wp-content\/uploads\/sites\/13\/2020\/05\/GrowthWheel_Text_Rectangular_SWE-1024x468.jpg 1024w, https:\/\/www.itzinya.com\/wp-content\/uploads\/sites\/13\/2020\/05\/GrowthWheel_Text_Rectangular_SWE-300x137.jpg 300w, https:\/\/www.itzinya.com\/wp-content\/uploads\/sites\/13\/2020\/05\/GrowthWheel_Text_Rectangular_SWE-768x351.jpg 768w, https:\/\/www.itzinya.com\/wp-content\/uploads\/sites\/13\/2020\/05\/GrowthWheel_Text_Rectangular_SWE.jpg 1371w\" sizes=\"(max-width: 1024px) 100vw, 1024px\" \/><\/figure>\n\n\n\n<p>H\u00e4r \u00e4r bara ett exempel p\u00e5 ett 6-veckors program baserat p\u00e5 GrowthWheel:<\/p>\n\n\n\n<p>\u25cf Vecka 1: F\u00e5 ett 360\u00b0-perspektiv p\u00e5 f\u00f6retaget<br>\u25cf Vecka 2: Aff\u00e4rskonceptet<br>\u25cf Vecka 3: Organisationen<br>\u25cf Vecka 4: Kundrelationer<br>\u25cf Vecka 5: Verksamheten<br>\u25cf Vecka 6: Slutf\u00f6ra pitchen<br><\/p>\n\n\n\n<blockquote class=\"wp-block-quote is-layout-flow wp-block-quote-is-layout-flow\"><p>Kombinera med Aff\u00e4rsmodellkanvasen <\/p><\/blockquote>\n\n\n\n<p>F\u00f6r acceleratorer som anv\u00e4nder aff\u00e4rsmodellkanvasen \u00e4r det m\u00f6jligt att kombinera det verktyget med GrowthWheel-verktygen p\u00e5 ett elegant s\u00e4tt. B\u00e5da verktygen \u00e4r visuella och holistiska och i praktiken t\u00e4cker de samma aspekter f\u00f6r beslutsfattning i f\u00f6retag med h\u00f6g potential:<\/p>\n\n\n\n<figure class=\"wp-block-image size-large\"><img decoding=\"async\" width=\"750\" height=\"271\" src=\"https:\/\/www.itzinya.com\/wp-content\/uploads\/sites\/13\/2020\/03\/acc11-1.jpg\" alt=\"acc11-1\" class=\"wp-image-524\" srcset=\"https:\/\/www.itzinya.com\/wp-content\/uploads\/sites\/13\/2020\/03\/acc11-1.jpg 750w, https:\/\/www.itzinya.com\/wp-content\/uploads\/sites\/13\/2020\/03\/acc11-1-300x108.jpg 300w\" sizes=\"(max-width: 750px) 100vw, 750px\" \/><\/figure>\n\n\n\n<p>Aff\u00e4rsmodellkanvasen \u00e4r ett bra verktyg f\u00f6r att skapa aff\u00e4rsmodeller. N\u00e4r aff\u00e4rsmodellen \u00e4r best\u00e4md \u00e4r GrowthWheel bra f\u00f6r alla viktiga detaljer f\u00f6r beslutsfattningen.<\/p>\n","protected":false},"excerpt":{"rendered":"<p>GrowthWheel f\u00f6r Acceleratorer: \u2014G\u00f6r jobbet med era f\u00f6retag med visuella verktyg p\u00e5 markniv\u00e5 och en perfekt mjukvaruplattform i molnet F\u00f6r era 6-12-veckors accelerationsprogram kommer GrowthWheels SaaS-plattform vara det CRM-system ni \u00f6nskat att era deltagare utvecklat! GrowthWheel \u00e4r mer \u00e4n ett CRM-system d\u00e5 det \u00e4r en samarbetsplattform som delas av er och era f\u00f6retag. Det kommer [&#8230;]<\/p>\n<p><a class=\"btn btn-secondary seadev-read-more-link\" href=\"https:\/\/www.itzinya.com\/swe\/accelerators\/\">Read More&#8230;<\/a><\/p>\n","protected":false},"author":1,"featured_media":657,"parent":0,"menu_order":0,"comment_status":"closed","ping_status":"closed","template":"","meta":{"_acf_changed":false,"inline_featured_image":false,"footnotes":""},"class_list":["post-433","page","type-page","status-publish","has-post-thumbnail","hentry"],"acf":[],"yoast_head":"<!-- This site is optimized with the Yoast SEO plugin v25.9 - https:\/\/yoast.com\/wordpress\/plugins\/seo\/ -->\n<title>ACCELERATORER - Itzinya.com<\/title>\n<meta name=\"robots\" content=\"index, follow, max-snippet:-1, max-image-preview:large, max-video-preview:-1\" \/>\n<link rel=\"canonical\" href=\"https:\/\/www.itzinya.com\/swe\/accelerators\/\" \/>\n<meta property=\"og:locale\" content=\"en_US\" \/>\n<meta property=\"og:type\" content=\"article\" \/>\n<meta property=\"og:title\" content=\"ACCELERATORER - Itzinya.com\" \/>\n<meta property=\"og:description\" content=\"GrowthWheel f\u00f6r Acceleratorer: \u2014G\u00f6r jobbet med era f\u00f6retag med visuella verktyg p\u00e5 markniv\u00e5 och en perfekt mjukvaruplattform i molnet F\u00f6r era 6-12-veckors accelerationsprogram kommer GrowthWheels SaaS-plattform vara det CRM-system ni \u00f6nskat att era deltagare utvecklat! GrowthWheel \u00e4r mer \u00e4n ett CRM-system d\u00e5 det \u00e4r en samarbetsplattform som delas av er och era f\u00f6retag. Det kommer [...]Read More...\" \/>\n<meta property=\"og:url\" content=\"https:\/\/www.itzinya.com\/swe\/accelerators\/\" \/>\n<meta property=\"og:site_name\" content=\"Itzinya.com\" \/>\n<meta property=\"article:modified_time\" content=\"2020-05-11T04:09:59+00:00\" \/>\n<meta property=\"og:image\" content=\"https:\/\/www.itzinya.com\/wp-content\/uploads\/sites\/13\/2020\/04\/iStock-468335078-1.jpg\" \/>\n\t<meta property=\"og:image:width\" content=\"1987\" \/>\n\t<meta property=\"og:image:height\" content=\"1080\" \/>\n\t<meta property=\"og:image:type\" content=\"image\/jpeg\" \/>\n<meta name=\"twitter:card\" content=\"summary_large_image\" \/>\n<meta name=\"twitter:label1\" content=\"Est. reading time\" \/>\n\t<meta name=\"twitter:data1\" content=\"2 minutes\" \/>\n<script type=\"application\/ld+json\" class=\"yoast-schema-graph\">{\"@context\":\"https:\/\/schema.org\",\"@graph\":[{\"@type\":\"WebPage\",\"@id\":\"https:\/\/www.itzinya.com\/swe\/accelerators\/\",\"url\":\"https:\/\/www.itzinya.com\/swe\/accelerators\/\",\"name\":\"ACCELERATORER - Itzinya.com\",\"isPartOf\":{\"@id\":\"https:\/\/www.itzinya.com\/#website\"},\"primaryImageOfPage\":{\"@id\":\"https:\/\/www.itzinya.com\/swe\/accelerators\/#primaryimage\"},\"image\":{\"@id\":\"https:\/\/www.itzinya.com\/swe\/accelerators\/#primaryimage\"},\"thumbnailUrl\":\"https:\/\/www.itzinya.com\/wp-content\/uploads\/sites\/13\/2020\/04\/iStock-468335078-1.jpg\",\"datePublished\":\"2020-02-26T08:40:25+00:00\",\"dateModified\":\"2020-05-11T04:09:59+00:00\",\"breadcrumb\":{\"@id\":\"https:\/\/www.itzinya.com\/swe\/accelerators\/#breadcrumb\"},\"inLanguage\":\"swe-SE\",\"potentialAction\":[{\"@type\":\"ReadAction\",\"target\":[\"https:\/\/www.itzinya.com\/swe\/accelerators\/\"]}]},{\"@type\":\"ImageObject\",\"inLanguage\":\"swe-SE\",\"@id\":\"https:\/\/www.itzinya.com\/swe\/accelerators\/#primaryimage\",\"url\":\"https:\/\/www.itzinya.com\/wp-content\/uploads\/sites\/13\/2020\/04\/iStock-468335078-1.jpg\",\"contentUrl\":\"https:\/\/www.itzinya.com\/wp-content\/uploads\/sites\/13\/2020\/04\/iStock-468335078-1.jpg\",\"width\":1987,\"height\":1080},{\"@type\":\"BreadcrumbList\",\"@id\":\"https:\/\/www.itzinya.com\/swe\/accelerators\/#breadcrumb\",\"itemListElement\":[{\"@type\":\"ListItem\",\"position\":1,\"name\":\"Home\",\"item\":\"https:\/\/www.itzinya.com\/swe\/\"},{\"@type\":\"ListItem\",\"position\":2,\"name\":\"ACCELERATORER\"}]},{\"@type\":\"WebSite\",\"@id\":\"https:\/\/www.itzinya.com\/#website\",\"url\":\"https:\/\/www.itzinya.com\/\",\"name\":\"Itzinya.com\",\"description\":\"StartUp Entrepreneurs\",\"publisher\":{\"@id\":\"https:\/\/www.itzinya.com\/#organization\"},\"potentialAction\":[{\"@type\":\"SearchAction\",\"target\":{\"@type\":\"EntryPoint\",\"urlTemplate\":\"https:\/\/www.itzinya.com\/?s={search_term_string}\"},\"query-input\":{\"@type\":\"PropertyValueSpecification\",\"valueRequired\":true,\"valueName\":\"search_term_string\"}}],\"inLanguage\":\"swe-SE\"},{\"@type\":\"Organization\",\"@id\":\"https:\/\/www.itzinya.com\/#organization\",\"name\":\"Itzinya.com\",\"url\":\"https:\/\/www.itzinya.com\/\",\"logo\":{\"@type\":\"ImageObject\",\"inLanguage\":\"swe-SE\",\"@id\":\"https:\/\/www.itzinya.com\/#\/schema\/logo\/image\/\",\"url\":\"https:\/\/www.itzinya.com\/wp-content\/uploads\/sites\/13\/2020\/05\/itzinya-logo-responsive-1.svg\",\"contentUrl\":\"https:\/\/www.itzinya.com\/wp-content\/uploads\/sites\/13\/2020\/05\/itzinya-logo-responsive-1.svg\",\"width\":313,\"height\":443,\"caption\":\"Itzinya.com\"},\"image\":{\"@id\":\"https:\/\/www.itzinya.com\/#\/schema\/logo\/image\/\"}}]}<\/script>\n<!-- \/ Yoast SEO plugin. -->","yoast_head_json":{"title":"ACCELERATORER - Itzinya.com","robots":{"index":"index","follow":"follow","max-snippet":"max-snippet:-1","max-image-preview":"max-image-preview:large","max-video-preview":"max-video-preview:-1"},"canonical":"https:\/\/www.itzinya.com\/swe\/accelerators\/","og_locale":"en_US","og_type":"article","og_title":"ACCELERATORER - Itzinya.com","og_description":"GrowthWheel f\u00f6r Acceleratorer: \u2014G\u00f6r jobbet med era f\u00f6retag med visuella verktyg p\u00e5 markniv\u00e5 och en perfekt mjukvaruplattform i molnet F\u00f6r era 6-12-veckors accelerationsprogram kommer GrowthWheels SaaS-plattform vara det CRM-system ni \u00f6nskat att era deltagare utvecklat! GrowthWheel \u00e4r mer \u00e4n ett CRM-system d\u00e5 det \u00e4r en samarbetsplattform som delas av er och era f\u00f6retag. Det kommer [...]Read More...","og_url":"https:\/\/www.itzinya.com\/swe\/accelerators\/","og_site_name":"Itzinya.com","article_modified_time":"2020-05-11T04:09:59+00:00","og_image":[{"width":1987,"height":1080,"url":"https:\/\/www.itzinya.com\/wp-content\/uploads\/sites\/13\/2020\/04\/iStock-468335078-1.jpg","type":"image\/jpeg"}],"twitter_card":"summary_large_image","twitter_misc":{"Est. reading time":"2 minutes"},"schema":{"@context":"https:\/\/schema.org","@graph":[{"@type":"WebPage","@id":"https:\/\/www.itzinya.com\/swe\/accelerators\/","url":"https:\/\/www.itzinya.com\/swe\/accelerators\/","name":"ACCELERATORER - Itzinya.com","isPartOf":{"@id":"https:\/\/www.itzinya.com\/#website"},"primaryImageOfPage":{"@id":"https:\/\/www.itzinya.com\/swe\/accelerators\/#primaryimage"},"image":{"@id":"https:\/\/www.itzinya.com\/swe\/accelerators\/#primaryimage"},"thumbnailUrl":"https:\/\/www.itzinya.com\/wp-content\/uploads\/sites\/13\/2020\/04\/iStock-468335078-1.jpg","datePublished":"2020-02-26T08:40:25+00:00","dateModified":"2020-05-11T04:09:59+00:00","breadcrumb":{"@id":"https:\/\/www.itzinya.com\/swe\/accelerators\/#breadcrumb"},"inLanguage":"swe-SE","potentialAction":[{"@type":"ReadAction","target":["https:\/\/www.itzinya.com\/swe\/accelerators\/"]}]},{"@type":"ImageObject","inLanguage":"swe-SE","@id":"https:\/\/www.itzinya.com\/swe\/accelerators\/#primaryimage","url":"https:\/\/www.itzinya.com\/wp-content\/uploads\/sites\/13\/2020\/04\/iStock-468335078-1.jpg","contentUrl":"https:\/\/www.itzinya.com\/wp-content\/uploads\/sites\/13\/2020\/04\/iStock-468335078-1.jpg","width":1987,"height":1080},{"@type":"BreadcrumbList","@id":"https:\/\/www.itzinya.com\/swe\/accelerators\/#breadcrumb","itemListElement":[{"@type":"ListItem","position":1,"name":"Home","item":"https:\/\/www.itzinya.com\/swe\/"},{"@type":"ListItem","position":2,"name":"ACCELERATORER"}]},{"@type":"WebSite","@id":"https:\/\/www.itzinya.com\/#website","url":"https:\/\/www.itzinya.com\/","name":"Itzinya.com","description":"StartUp Entrepreneurs","publisher":{"@id":"https:\/\/www.itzinya.com\/#organization"},"potentialAction":[{"@type":"SearchAction","target":{"@type":"EntryPoint","urlTemplate":"https:\/\/www.itzinya.com\/?s={search_term_string}"},"query-input":{"@type":"PropertyValueSpecification","valueRequired":true,"valueName":"search_term_string"}}],"inLanguage":"swe-SE"},{"@type":"Organization","@id":"https:\/\/www.itzinya.com\/#organization","name":"Itzinya.com","url":"https:\/\/www.itzinya.com\/","logo":{"@type":"ImageObject","inLanguage":"swe-SE","@id":"https:\/\/www.itzinya.com\/#\/schema\/logo\/image\/","url":"https:\/\/www.itzinya.com\/wp-content\/uploads\/sites\/13\/2020\/05\/itzinya-logo-responsive-1.svg","contentUrl":"https:\/\/www.itzinya.com\/wp-content\/uploads\/sites\/13\/2020\/05\/itzinya-logo-responsive-1.svg","width":313,"height":443,"caption":"Itzinya.com"},"image":{"@id":"https:\/\/www.itzinya.com\/#\/schema\/logo\/image\/"}}]}},"_links":{"self":[{"href":"https:\/\/www.itzinya.com\/swe\/wp-json\/wp\/v2\/pages\/433","targetHints":{"allow":["GET"]}}],"collection":[{"href":"https:\/\/www.itzinya.com\/swe\/wp-json\/wp\/v2\/pages"}],"about":[{"href":"https:\/\/www.itzinya.com\/swe\/wp-json\/wp\/v2\/types\/page"}],"author":[{"embeddable":true,"href":"https:\/\/www.itzinya.com\/swe\/wp-json\/wp\/v2\/users\/1"}],"replies":[{"embeddable":true,"href":"https:\/\/www.itzinya.com\/swe\/wp-json\/wp\/v2\/comments?post=433"}],"version-history":[{"count":8,"href":"https:\/\/www.itzinya.com\/swe\/wp-json\/wp\/v2\/pages\/433\/revisions"}],"predecessor-version":[{"id":845,"href":"https:\/\/www.itzinya.com\/swe\/wp-json\/wp\/v2\/pages\/433\/revisions\/845"}],"wp:featuredmedia":[{"embeddable":true,"href":"https:\/\/www.itzinya.com\/swe\/wp-json\/wp\/v2\/media\/657"}],"wp:attachment":[{"href":"https:\/\/www.itzinya.com\/swe\/wp-json\/wp\/v2\/media?parent=433"}],"curies":[{"name":"wp","href":"https:\/\/api.w.org\/{rel}","templated":true}]}}